{"id":659,"date":"2022-06-04T15:34:13","date_gmt":"2022-06-04T15:34:13","guid":{"rendered":"https:\/\/turquoisehoreca.com\/?page_id=659"},"modified":"2024-06-23T18:00:06","modified_gmt":"2024-06-23T16:00:06","slug":"alain-saint-joanis","status":"publish","type":"page","link":"https:\/\/turquoisehoreca.com\/tr\/brands\/alain-saint-joanis\/","title":{"rendered":"Alain Saint &#8211; Joanis"},"content":{"rendered":"<p class=\"has-text-align-center has-larger-font-size\"><strong><font style=\"vertical-align: inherit;\"><font style=\"vertical-align: inherit;\">Alain Saint-Joanis<\/font><\/font><\/strong><\/p>\n\n\n\n<p>Alain Saint-Joanis, nadir, asil ve de\u011ferli malzemeler kullanarak \u00f6zel tasar\u0131m ve l\u00fcks \u00e7atal-b\u0131\u00e7ak tak\u0131mlar\u0131 \u00fcreten \u00f6d\u00fcll\u00fc bir miras markas\u0131d\u0131r.<br>Atelier d'Art de France \u00fcyesi olan bu markan\u0131n el i\u015f\u00e7ili\u011fi ve ustal\u0131\u011f\u0131, 1876'daki kurulu\u015fundan bu yana nesiller boyunca aktar\u0131lm\u0131\u015ft\u0131r. Thiers \u00c7atal-B\u0131\u00e7ak M\u00fczesi'nde sergilenen antik \u00e7atal-b\u0131\u00e7ak tasar\u0131mlar\u0131ndan ilham alan aileye ait Alain Saint-Joanis, miras\u0131 tutkuya d\u00f6n\u00fc\u015ft\u00fcrerek tarih ve ruh bar\u0131nd\u0131ran ola\u011fan\u00fcst\u00fc \u00e7atal-b\u0131\u00e7ak tak\u0131mlar\u0131 \u00fcretmi\u015ftir.<\/p>\n\n\n\n<div class=\"wp-block-columns is-layout-flex wp-container-core-columns-is-layout-28f84493 wp-block-columns-is-layout-flex\">\n<div class=\"wp-block-column is-vertically-aligned-center is-layout-flow wp-block-column-is-layout-flow\">\n<div class=\"wp-block-columns are-vertically-aligned-center is-layout-flex wp-container-core-columns-is-layout-28f84493 wp-block-columns-is-layout-flex\">\n<div class=\"wp-block-column is-vertically-aligned-center is-layout-flow wp-block-column-is-layout-flow\">\n<figure class=\"wp-block-image size-full\"><img fetchpriority=\"high\" decoding=\"async\" width=\"300\" height=\"300\" src=\"https:\/\/turquoisehoreca.com\/wp-content\/uploads\/2022\/06\/asj300300.jpg\" alt=\"\" class=\"wp-image-1021\" srcset=\"https:\/\/turquoisehoreca.com\/wp-content\/uploads\/2022\/06\/asj300300.jpg 300w, https:\/\/turquoisehoreca.com\/wp-content\/uploads\/2022\/06\/asj300300-150x150.jpg 150w\" sizes=\"(max-width: 300px) 100vw, 300px\" \/><\/figure>\n<\/div>\n\n\n\n<div class=\"wp-block-column is-vertically-aligned-center is-layout-flow wp-block-column-is-layout-flow\">\n<figure class=\"wp-block-image size-full\"><img decoding=\"async\" width=\"300\" height=\"300\" data-src=\"https:\/\/turquoisehoreca.com\/wp-content\/uploads\/2022\/06\/asj300300-2.jpg\" alt=\"\" class=\"wp-image-1024 lazyload\" data-srcset=\"https:\/\/turquoisehoreca.com\/wp-content\/uploads\/2022\/06\/asj300300-2.jpg 300w, https:\/\/turquoisehoreca.com\/wp-content\/uploads\/2022\/06\/asj300300-2-150x150.jpg 150w\" data-sizes=\"(max-width: 300px) 100vw, 300px\" src=\"data:image\/svg+xml;base64,PHN2ZyB3aWR0aD0iMSIgaGVpZ2h0PSIxIiB4bWxucz0iaHR0cDovL3d3dy53My5vcmcvMjAwMC9zdmciPjwvc3ZnPg==\" style=\"--smush-placeholder-width: 300px; --smush-placeholder-aspect-ratio: 300\/300;\" \/><\/figure>\n<\/div>\n\n\n\n<div class=\"wp-block-column is-vertically-aligned-center is-layout-flow wp-block-column-is-layout-flow\">\n<figure class=\"wp-block-image size-full\"><img decoding=\"async\" width=\"300\" height=\"300\" data-src=\"https:\/\/turquoisehoreca.com\/wp-content\/uploads\/2022\/06\/asj300300-1.jpg\" alt=\"\" class=\"wp-image-1023 lazyload\" data-srcset=\"https:\/\/turquoisehoreca.com\/wp-content\/uploads\/2022\/06\/asj300300-1.jpg 300w, https:\/\/turquoisehoreca.com\/wp-content\/uploads\/2022\/06\/asj300300-1-150x150.jpg 150w\" data-sizes=\"(max-width: 300px) 100vw, 300px\" src=\"data:image\/svg+xml;base64,PHN2ZyB3aWR0aD0iMSIgaGVpZ2h0PSIxIiB4bWxucz0iaHR0cDovL3d3dy53My5vcmcvMjAwMC9zdmciPjwvc3ZnPg==\" style=\"--smush-placeholder-width: 300px; --smush-placeholder-aspect-ratio: 300\/300;\" \/><\/figure>\n<\/div>\n<\/div>\n<\/div>\n<\/div>\n\n\n\n<p class=\"has-text-align-center has-large-font-size\"><strong>Katalog<\/strong><\/p>\n\n\n\n<div class=\"wp-block-columns is-not-stacked-on-mobile has-ast-global-color-4-background-color has-background is-layout-flex wp-container-core-columns-is-layout-28f84493 wp-block-columns-is-layout-flex\">\n<div class=\"wp-block-column is-vertically-aligned-center is-layout-flow wp-block-column-is-layout-flow\">\n<div class=\"wp-block-file hvr-float-shadow\"><a id=\"wp-block-file--media-b8b9bd75-37c4-4472-8574-edc6609ed75e\" href=\"https:\/\/turquoisehoreca.com\/wp-content\/uploads\/2024\/06\/CATALOGUE-PRESTIGE-BD-1.pdf\" target=\"_blank\" rel=\"noreferrer noopener\"><img decoding=\"async\" width=\"250\" height=\"333\" class=\"wp-image-2042 lazyload\" style=\"--smush-placeholder-width: 250px; --smush-placeholder-aspect-ratio: 250\/333;width: 250px;\" data-src=\"https:\/\/turquoisehoreca.com\/wp-content\/uploads\/2024\/06\/prestige_450600.jpg\" alt=\"\" data-srcset=\"https:\/\/turquoisehoreca.com\/wp-content\/uploads\/2024\/06\/prestige_450600.jpg 450w, https:\/\/turquoisehoreca.com\/wp-content\/uploads\/2024\/06\/prestige_450600-225x300.jpg 225w, https:\/\/turquoisehoreca.com\/wp-content\/uploads\/2024\/06\/prestige_450600-9x12.jpg 9w\" data-sizes=\"(max-width: 250px) 100vw, 250px\" src=\"data:image\/svg+xml;base64,PHN2ZyB3aWR0aD0iMSIgaGVpZ2h0PSIxIiB4bWxucz0iaHR0cDovL3d3dy53My5vcmcvMjAwMC9zdmciPjwvc3ZnPg==\" \/><\/a><\/div>\n<\/div>\n\n\n\n<div class=\"wp-block-column is-vertically-aligned-center is-layout-flow wp-block-column-is-layout-flow\">\n<div class=\"wp-block-file hvr-float-shadow\"><a id=\"wp-block-file--media-03a24a4a-5505-4fa1-a233-920fe64bfb9a\" href=\"https:\/\/turquoisehoreca.com\/wp-content\/uploads\/2024\/06\/DEPLIANT-4-PAGES-STEAKS-BD-1.pdf\" target=\"_blank\" rel=\"noreferrer noopener\"><img decoding=\"async\" width=\"250\" height=\"333\" class=\"wp-image-2044 lazyload\" style=\"--smush-placeholder-width: 250px; --smush-placeholder-aspect-ratio: 250\/333;width: 250px;\" data-src=\"https:\/\/turquoisehoreca.com\/wp-content\/uploads\/2024\/06\/asj_steaks_450600.jpg\" alt=\"\" data-srcset=\"https:\/\/turquoisehoreca.com\/wp-content\/uploads\/2024\/06\/asj_steaks_450600.jpg 450w, https:\/\/turquoisehoreca.com\/wp-content\/uploads\/2024\/06\/asj_steaks_450600-225x300.jpg 225w, https:\/\/turquoisehoreca.com\/wp-content\/uploads\/2024\/06\/asj_steaks_450600-9x12.jpg 9w\" data-sizes=\"(max-width: 250px) 100vw, 250px\" src=\"data:image\/svg+xml;base64,PHN2ZyB3aWR0aD0iMSIgaGVpZ2h0PSIxIiB4bWxucz0iaHR0cDovL3d3dy53My5vcmcvMjAwMC9zdmciPjwvc3ZnPg==\" \/><\/a><\/div>\n<\/div>\n\n\n\n<div class=\"wp-block-column is-vertically-aligned-top is-layout-flow wp-block-column-is-layout-flow\">\n<div class=\"wp-block-file hvr-float-shadow has-ast-global-color-5-background-color has-background\"><a id=\"wp-block-file--media-dd14cc23-c8b7-496e-9766-c26f095baff2\" href=\"https:\/\/turquoisehoreca.com\/wp-content\/uploads\/2024\/06\/CATALOGUE-TENDANCE-BD-1.pdf\" target=\"_blank\" rel=\"noreferrer noopener\"><img decoding=\"async\" width=\"250\" height=\"333\" class=\"wp-image-2046 lazyload\" style=\"--smush-placeholder-width: 250px; --smush-placeholder-aspect-ratio: 250\/333;width: 250px;\" data-src=\"https:\/\/turquoisehoreca.com\/wp-content\/uploads\/2024\/06\/asj_tendance_450600.jpg\" alt=\"\" data-srcset=\"https:\/\/turquoisehoreca.com\/wp-content\/uploads\/2024\/06\/asj_tendance_450600.jpg 450w, https:\/\/turquoisehoreca.com\/wp-content\/uploads\/2024\/06\/asj_tendance_450600-225x300.jpg 225w, https:\/\/turquoisehoreca.com\/wp-content\/uploads\/2024\/06\/asj_tendance_450600-9x12.jpg 9w\" data-sizes=\"(max-width: 250px) 100vw, 250px\" src=\"data:image\/svg+xml;base64,PHN2ZyB3aWR0aD0iMSIgaGVpZ2h0PSIxIiB4bWxucz0iaHR0cDovL3d3dy53My5vcmcvMjAwMC9zdmciPjwvc3ZnPg==\" \/><\/a><\/div>\n<\/div>\n\n\n\n<div class=\"wp-block-column is-vertically-aligned-center is-layout-flow wp-block-column-is-layout-flow\"><\/div>\n<\/div>","protected":false},"excerpt":{"rendered":"<p>Alain Saint-Joanis Alain Saint-Joanis is an award-winning heritage brand that specialises in designing and crafting bespoke and luxury cutlery using rare, noble and precious materials.A member of the Atelier d&#8217;Art de France, the brand\u2019s craftsmanship and skill has been passed down through generations since its founding in 1876. Drawing inspiration from the ancient cutlery designs [&hellip;]<\/p>\n","protected":false},"author":2,"featured_media":0,"parent":73,"menu_order":0,"comment_status":"closed","ping_status":"closed","template":"","meta":{"site-sidebar-layout":"default","site-content-layout":"","ast-site-content-layout":"default","site-content-style":"default","site-sidebar-style":"default","ast-global-header-display":"","ast-banner-title-visibility":"","ast-main-header-display":"","ast-hfb-above-header-display":"","ast-hfb-below-header-display":"","ast-hfb-mobile-header-display":"","site-post-title":"","ast-breadcrumbs-content":"","ast-featured-img":"","footer-sml-layout":"","ast-disable-related-posts":"","theme-transparent-header-meta":"","adv-header-id-meta":"","stick-header-meta":"","header-above-stick-meta":"","header-main-stick-meta":"","header-below-stick-meta":"","astra-migrate-meta-layouts":"set","ast-page-background-enabled":"default","ast-page-background-meta":{"desktop":{"background-color":"var(--ast-global-color-4)","background-image":"","background-repeat":"repeat","background-position":"center center","background-size":"auto","background-attachment":"scroll","background-type":"","background-media":"","overlay-type":"","overlay-color":"","overlay-opacity":"","overlay-gradient":""},"tablet":{"background-color":"","background-image":"","background-repeat":"repeat","background-position":"center center","background-size":"auto","background-attachment":"scroll","background-type":"","background-media":"","overlay-type":"","overlay-color":"","overlay-opacity":"","overlay-gradient":""},"mobile":{"background-color":"","background-image":"","background-repeat":"repeat","background-position":"center center","background-size":"auto","background-attachment":"scroll","background-type":"","background-media":"","overlay-type":"","overlay-color":"","overlay-opacity":"","overlay-gradient":""}},"ast-content-background-meta":{"desktop":{"background-color":"var(--ast-global-color-5)","background-image":"","background-repeat":"repeat","background-position":"center center","background-size":"auto","background-attachment":"scroll","background-type":"","background-media":"","overlay-type":"","overlay-color":"","overlay-opacity":"","overlay-gradient":""},"tablet":{"background-color":"var(--ast-global-color-5)","background-image":"","background-repeat":"repeat","background-position":"center center","background-size":"auto","background-attachment":"scroll","background-type":"","background-media":"","overlay-type":"","overlay-color":"","overlay-opacity":"","overlay-gradient":""},"mobile":{"background-color":"var(--ast-global-color-5)","background-image":"","background-repeat":"repeat","background-position":"center center","background-size":"auto","background-attachment":"scroll","background-type":"","background-media":"","overlay-type":"","overlay-color":"","overlay-opacity":"","overlay-gradient":""}},"footnotes":""},"class_list":["post-659","page","type-page","status-publish","hentry"],"yoast_head":"<!-- This site is optimized with the Yoast SEO plugin v27.4 - https:\/\/yoast.com\/product\/yoast-seo-wordpress\/ -->\n<title>Alain Saint - Joanis | Turquoise Horeca<\/title>\n<meta name=\"description\" content=\"Alain Saint-Joanis is an award-winning heritage brand that specialises in designing and crafting bespoke and luxury cutlery using rare, noble and precious materials.A member of the Atelier d\u2019Art de France, the brand\u2019s craftsmanship and skill has been passed down through generations since its founding in 1876. Drawing inspiration from the ancient cutlery designs on display at the Thiers Cutlery Museum, family owned Alain Saint-Joanis has turned heritage into passion, crafting exceptional cutlery with history and soul.\" \/>\n<meta name=\"robots\" content=\"index, follow, max-snippet:-1, max-image-preview:large, max-video-preview:-1\" \/>\n<link rel=\"canonical\" href=\"https:\/\/turquoisehoreca.com\/tr\/brands\/alain-saint-joanis\/\" \/>\n<meta property=\"og:locale\" content=\"tr_TR\" \/>\n<meta property=\"og:type\" content=\"article\" \/>\n<meta property=\"og:title\" content=\"Alain Saint - Joanis | Turquoise Horeca\" \/>\n<meta property=\"og:description\" content=\"Alain Saint-Joanis is an award-winning heritage brand that specialises in designing and crafting bespoke and luxury cutlery using rare, noble and precious materials.A member of the Atelier d\u2019Art de France, the brand\u2019s craftsmanship and skill has been passed down through generations since its founding in 1876. Drawing inspiration from the ancient cutlery designs on display at the Thiers Cutlery Museum, family owned Alain Saint-Joanis has turned heritage into passion, crafting exceptional cutlery with history and soul.\" \/>\n<meta property=\"og:url\" content=\"https:\/\/turquoisehoreca.com\/tr\/brands\/alain-saint-joanis\/\" \/>\n<meta property=\"article:modified_time\" content=\"2024-06-23T16:00:06+00:00\" \/>\n<meta property=\"og:image\" content=\"https:\/\/turquoisehoreca.com\/wp-content\/uploads\/2022\/06\/asj300300.jpg\" \/>\n<meta name=\"twitter:card\" content=\"summary_large_image\" \/>\n<meta name=\"twitter:label1\" content=\"Tahmini okuma s\u00fcresi\" \/>\n\t<meta name=\"twitter:data1\" content=\"2 dakika\" \/>\n<script type=\"application\/ld+json\" class=\"yoast-schema-graph\">{\"@context\":\"https:\\\/\\\/schema.org\",\"@graph\":[{\"@type\":\"WebPage\",\"@id\":\"https:\\\/\\\/turquoisehoreca.com\\\/brands\\\/alain-saint-joanis\\\/\",\"url\":\"https:\\\/\\\/turquoisehoreca.com\\\/brands\\\/alain-saint-joanis\\\/\",\"name\":\"Alain Saint - Joanis | Turquoise Horeca\",\"isPartOf\":{\"@id\":\"https:\\\/\\\/turquoisehoreca.com\\\/#website\"},\"primaryImageOfPage\":{\"@id\":\"https:\\\/\\\/turquoisehoreca.com\\\/brands\\\/alain-saint-joanis\\\/#primaryimage\"},\"image\":{\"@id\":\"https:\\\/\\\/turquoisehoreca.com\\\/brands\\\/alain-saint-joanis\\\/#primaryimage\"},\"thumbnailUrl\":\"https:\\\/\\\/turquoisehoreca.com\\\/wp-content\\\/uploads\\\/2022\\\/06\\\/asj300300.jpg\",\"datePublished\":\"2022-06-04T15:34:13+00:00\",\"dateModified\":\"2024-06-23T16:00:06+00:00\",\"description\":\"Alain Saint-Joanis is an award-winning heritage brand that specialises in designing and crafting bespoke and luxury cutlery using rare, noble and precious materials.A member of the Atelier d\u2019Art de France, the brand\u2019s craftsmanship and skill has been passed down through generations since its founding in 1876. Drawing inspiration from the ancient cutlery designs on display at the Thiers Cutlery Museum, family owned Alain Saint-Joanis has turned heritage into passion, crafting exceptional cutlery with history and soul.\",\"breadcrumb\":{\"@id\":\"https:\\\/\\\/turquoisehoreca.com\\\/brands\\\/alain-saint-joanis\\\/#breadcrumb\"},\"inLanguage\":\"tr\",\"potentialAction\":[{\"@type\":\"ReadAction\",\"target\":[\"https:\\\/\\\/turquoisehoreca.com\\\/brands\\\/alain-saint-joanis\\\/\"]}]},{\"@type\":\"ImageObject\",\"inLanguage\":\"tr\",\"@id\":\"https:\\\/\\\/turquoisehoreca.com\\\/brands\\\/alain-saint-joanis\\\/#primaryimage\",\"url\":\"https:\\\/\\\/turquoisehoreca.com\\\/wp-content\\\/uploads\\\/2022\\\/06\\\/asj300300.jpg\",\"contentUrl\":\"https:\\\/\\\/turquoisehoreca.com\\\/wp-content\\\/uploads\\\/2022\\\/06\\\/asj300300.jpg\"},{\"@type\":\"BreadcrumbList\",\"@id\":\"https:\\\/\\\/turquoisehoreca.com\\\/brands\\\/alain-saint-joanis\\\/#breadcrumb\",\"itemListElement\":[{\"@type\":\"ListItem\",\"position\":1,\"name\":\"Home\",\"item\":\"https:\\\/\\\/turquoisehoreca.com\\\/\"},{\"@type\":\"ListItem\",\"position\":2,\"name\":\"Brands\",\"item\":\"https:\\\/\\\/turquoisehoreca.com\\\/brands\\\/\"},{\"@type\":\"ListItem\",\"position\":3,\"name\":\"Alain Saint &#8211; Joanis\"}]},{\"@type\":\"WebSite\",\"@id\":\"https:\\\/\\\/turquoisehoreca.com\\\/#website\",\"url\":\"https:\\\/\\\/turquoisehoreca.com\\\/\",\"name\":\"\",\"description\":\"\",\"publisher\":{\"@id\":\"https:\\\/\\\/turquoisehoreca.com\\\/#organization\"},\"potentialAction\":[{\"@type\":\"SearchAction\",\"target\":{\"@type\":\"EntryPoint\",\"urlTemplate\":\"https:\\\/\\\/turquoisehoreca.com\\\/?s={search_term_string}\"},\"query-input\":{\"@type\":\"PropertyValueSpecification\",\"valueRequired\":true,\"valueName\":\"search_term_string\"}}],\"inLanguage\":\"tr\"},{\"@type\":\"Organization\",\"@id\":\"https:\\\/\\\/turquoisehoreca.com\\\/#organization\",\"name\":\"Turquoise Horeca\",\"alternateName\":\"Turquoise istanbul\",\"url\":\"https:\\\/\\\/turquoisehoreca.com\\\/\",\"logo\":{\"@type\":\"ImageObject\",\"inLanguage\":\"tr\",\"@id\":\"https:\\\/\\\/turquoisehoreca.com\\\/#\\\/schema\\\/logo\\\/image\\\/\",\"url\":\"https:\\\/\\\/turquoisehoreca.com\\\/wp-content\\\/uploads\\\/2022\\\/05\\\/cropped-Black-and-White-Modern-Elegant-Brand-Logo-1.png\",\"contentUrl\":\"https:\\\/\\\/turquoisehoreca.com\\\/wp-content\\\/uploads\\\/2022\\\/05\\\/cropped-Black-and-White-Modern-Elegant-Brand-Logo-1.png\",\"width\":499,\"height\":124,\"caption\":\"Turquoise Horeca\"},\"image\":{\"@id\":\"https:\\\/\\\/turquoisehoreca.com\\\/#\\\/schema\\\/logo\\\/image\\\/\"},\"sameAs\":[\"https:\\\/\\\/www.instagram.com\\\/turquoisehoreca\\\/\"]}]}<\/script>\n<!-- \/ Yoast SEO plugin. -->","yoast_head_json":{"title":"Alain Saint - Joanis | Turquoise Horeca","description":"Alain Saint-Joanis is an award-winning heritage brand that specialises in designing and crafting bespoke and luxury cutlery using rare, noble and precious materials.A member of the Atelier d\u2019Art de France, the brand\u2019s craftsmanship and skill has been passed down through generations since its founding in 1876. Drawing inspiration from the ancient cutlery designs on display at the Thiers Cutlery Museum, family owned Alain Saint-Joanis has turned heritage into passion, crafting exceptional cutlery with history and soul.","robots":{"index":"index","follow":"follow","max-snippet":"max-snippet:-1","max-image-preview":"max-image-preview:large","max-video-preview":"max-video-preview:-1"},"canonical":"https:\/\/turquoisehoreca.com\/tr\/brands\/alain-saint-joanis\/","og_locale":"tr_TR","og_type":"article","og_title":"Alain Saint - Joanis | Turquoise Horeca","og_description":"Alain Saint-Joanis is an award-winning heritage brand that specialises in designing and crafting bespoke and luxury cutlery using rare, noble and precious materials.A member of the Atelier d\u2019Art de France, the brand\u2019s craftsmanship and skill has been passed down through generations since its founding in 1876. Drawing inspiration from the ancient cutlery designs on display at the Thiers Cutlery Museum, family owned Alain Saint-Joanis has turned heritage into passion, crafting exceptional cutlery with history and soul.","og_url":"https:\/\/turquoisehoreca.com\/tr\/brands\/alain-saint-joanis\/","article_modified_time":"2024-06-23T16:00:06+00:00","og_image":[{"url":"https:\/\/turquoisehoreca.com\/wp-content\/uploads\/2022\/06\/asj300300.jpg","type":"","width":"","height":""}],"twitter_card":"summary_large_image","twitter_misc":{"Tahmini okuma s\u00fcresi":"2 dakika"},"schema":{"@context":"https:\/\/schema.org","@graph":[{"@type":"WebPage","@id":"https:\/\/turquoisehoreca.com\/brands\/alain-saint-joanis\/","url":"https:\/\/turquoisehoreca.com\/brands\/alain-saint-joanis\/","name":"Alain Saint - Joanis | Turquoise Horeca","isPartOf":{"@id":"https:\/\/turquoisehoreca.com\/#website"},"primaryImageOfPage":{"@id":"https:\/\/turquoisehoreca.com\/brands\/alain-saint-joanis\/#primaryimage"},"image":{"@id":"https:\/\/turquoisehoreca.com\/brands\/alain-saint-joanis\/#primaryimage"},"thumbnailUrl":"https:\/\/turquoisehoreca.com\/wp-content\/uploads\/2022\/06\/asj300300.jpg","datePublished":"2022-06-04T15:34:13+00:00","dateModified":"2024-06-23T16:00:06+00:00","description":"Alain Saint-Joanis is an award-winning heritage brand that specialises in designing and crafting bespoke and luxury cutlery using rare, noble and precious materials.A member of the Atelier d\u2019Art de France, the brand\u2019s craftsmanship and skill has been passed down through generations since its founding in 1876. Drawing inspiration from the ancient cutlery designs on display at the Thiers Cutlery Museum, family owned Alain Saint-Joanis has turned heritage into passion, crafting exceptional cutlery with history and soul.","breadcrumb":{"@id":"https:\/\/turquoisehoreca.com\/brands\/alain-saint-joanis\/#breadcrumb"},"inLanguage":"tr","potentialAction":[{"@type":"ReadAction","target":["https:\/\/turquoisehoreca.com\/brands\/alain-saint-joanis\/"]}]},{"@type":"ImageObject","inLanguage":"tr","@id":"https:\/\/turquoisehoreca.com\/brands\/alain-saint-joanis\/#primaryimage","url":"https:\/\/turquoisehoreca.com\/wp-content\/uploads\/2022\/06\/asj300300.jpg","contentUrl":"https:\/\/turquoisehoreca.com\/wp-content\/uploads\/2022\/06\/asj300300.jpg"},{"@type":"BreadcrumbList","@id":"https:\/\/turquoisehoreca.com\/brands\/alain-saint-joanis\/#breadcrumb","itemListElement":[{"@type":"ListItem","position":1,"name":"Home","item":"https:\/\/turquoisehoreca.com\/"},{"@type":"ListItem","position":2,"name":"Brands","item":"https:\/\/turquoisehoreca.com\/brands\/"},{"@type":"ListItem","position":3,"name":"Alain Saint &#8211; Joanis"}]},{"@type":"WebSite","@id":"https:\/\/turquoisehoreca.com\/#website","url":"https:\/\/turquoisehoreca.com\/","name":"","description":"","publisher":{"@id":"https:\/\/turquoisehoreca.com\/#organization"},"potentialAction":[{"@type":"SearchAction","target":{"@type":"EntryPoint","urlTemplate":"https:\/\/turquoisehoreca.com\/?s={search_term_string}"},"query-input":{"@type":"PropertyValueSpecification","valueRequired":true,"valueName":"search_term_string"}}],"inLanguage":"tr"},{"@type":"Organization","@id":"https:\/\/turquoisehoreca.com\/#organization","name":"Turquoise Horeca","alternateName":"Turquoise istanbul","url":"https:\/\/turquoisehoreca.com\/","logo":{"@type":"ImageObject","inLanguage":"tr","@id":"https:\/\/turquoisehoreca.com\/#\/schema\/logo\/image\/","url":"https:\/\/turquoisehoreca.com\/wp-content\/uploads\/2022\/05\/cropped-Black-and-White-Modern-Elegant-Brand-Logo-1.png","contentUrl":"https:\/\/turquoisehoreca.com\/wp-content\/uploads\/2022\/05\/cropped-Black-and-White-Modern-Elegant-Brand-Logo-1.png","width":499,"height":124,"caption":"Turquoise Horeca"},"image":{"@id":"https:\/\/turquoisehoreca.com\/#\/schema\/logo\/image\/"},"sameAs":["https:\/\/www.instagram.com\/turquoisehoreca\/"]}]}},"_links":{"self":[{"href":"https:\/\/turquoisehoreca.com\/tr\/wp-json\/wp\/v2\/pages\/659","targetHints":{"allow":["GET"]}}],"collection":[{"href":"https:\/\/turquoisehoreca.com\/tr\/wp-json\/wp\/v2\/pages"}],"about":[{"href":"https:\/\/turquoisehoreca.com\/tr\/wp-json\/wp\/v2\/types\/page"}],"author":[{"embeddable":true,"href":"https:\/\/turquoisehoreca.com\/tr\/wp-json\/wp\/v2\/users\/2"}],"replies":[{"embeddable":true,"href":"https:\/\/turquoisehoreca.com\/tr\/wp-json\/wp\/v2\/comments?post=659"}],"version-history":[{"count":0,"href":"https:\/\/turquoisehoreca.com\/tr\/wp-json\/wp\/v2\/pages\/659\/revisions"}],"up":[{"embeddable":true,"href":"https:\/\/turquoisehoreca.com\/tr\/wp-json\/wp\/v2\/pages\/73"}],"wp:attachment":[{"href":"https:\/\/turquoisehoreca.com\/tr\/wp-json\/wp\/v2\/media?parent=659"}],"curies":[{"name":"wp","href":"https:\/\/api.w.org\/{rel}","templated":true}]}}