{"id":6,"date":"2022-05-23T13:07:35","date_gmt":"2022-05-23T13:07:35","guid":{"rendered":"https:\/\/turquoisehoreca.com\/?page_id=6"},"modified":"2025-10-07T19:50:14","modified_gmt":"2025-10-07T17:50:14","slug":"about-us","status":"publish","type":"page","link":"https:\/\/turquoisehoreca.com\/tr\/about-us\/","title":{"rendered":"Hakk\u0131m\u0131zda"},"content":{"rendered":"<div data-elementor-type=\"wp-page\" data-elementor-id=\"6\" class=\"elementor elementor-6\">\n\t\t\t\t\t\t<section class=\"elementor-section elementor-top-section elementor-element elementor-element-e1ad45b elementor-section-boxed elementor-section-height-default elementor-section-height-default\" data-id=\"e1ad45b\" data-element_type=\"section\" data-e-type=\"section\">\n\t\t\t\t\t\t<div class=\"elementor-container elementor-column-gap-default\">\n\t\t\t\t\t<div class=\"elementor-column elementor-col-100 elementor-top-column elementor-element elementor-element-2ce8d6ed\" data-id=\"2ce8d6ed\" data-element_type=\"column\" data-e-type=\"column\">\n\t\t\t<div class=\"elementor-widget-wrap elementor-element-populated\">\n\t\t\t\t\t\t<div class=\"elementor-element elementor-element-7483a758 elementor-widget elementor-widget-text-editor\" data-id=\"7483a758\" data-element_type=\"widget\" data-e-type=\"widget\" data-widget_type=\"text-editor.default\">\n\t\t\t\t<div class=\"elementor-widget-container\">\n\t\t\t\t\t\t\t\t\t\n<div class=\"inherit-container-width wp-block-group is-layout-constrained wp-block-group-is-layout-constrained\">\n<p>Turquoise HoReCa, otelcilik sekt\u00f6r\u00fcne en son teknoloji ile \u00fcretilmi\u015f, \u00fcst\u00fcn kaliteli \u00fcr\u00fcnler sunmaya kendini adam\u0131\u015ft\u0131r. En y\u00fcksek uluslararas\u0131 standartlara uygun olarak geli\u015ftirilen \u00fcr\u00fcnlerimizle, otel, restoran ve catering sekt\u00f6r\u00fcndeki profesyonellerin beklentilerini a\u015fan yenilik\u00e7i ve katma de\u011fer yaratan \u00e7\u00f6z\u00fcmler sa\u011flamay\u0131 ama\u00e7l\u0131yoruz.<\/p>\n<p>\u00dcr\u00fcn portf\u00f6y\u00fcm\u00fcz, global otelcilik pazar\u0131ndaki en son trendler ve yenilikler do\u011frultusunda s\u00fcrekli g\u00fcncellenmektedir. Turquoise HoReCa, Arnstadt, Alain Saint Joanis, Dibbern, Haviland, M. Style ve Orrefors gibi uluslararas\u0131 alanda tan\u0131nm\u0131\u015f markalarla i\u015f birli\u011fi yaparak, se\u00e7kin ve y\u00fcksek kaliteli koleksiyonlar\u0131 m\u00fc\u015fterilerine sunmaktad\u0131r.<\/p>\n<p>Kalite, tasar\u0131m ve s\u00fcrd\u00fcr\u00fclebilirlik odakl\u0131 yakla\u015f\u0131m\u0131m\u0131zla, l\u00fcks oteller, prestijli restoranlar ve gastronomi profesyonelleri i\u00e7in m\u00fckemmelli\u011fi arayan \u00f6zel \u00fcr\u00fcnler tedarik ediyoruz.<\/p>\n<\/div>\n\t\t\t\t\t\t\t\t<\/div>\n\t\t\t\t<\/div>\n\t\t\t\t\t<\/div>\n\t\t<\/div>\n\t\t\t\t\t<\/div>\n\t\t<\/section>\n\t\t\t\t<\/div>","protected":false},"excerpt":{"rendered":"<p>Turquoise HoReCa is dedicated to delivering premium-quality products to the hospitality industry, manufactured using the latest technology and in accordance with the highest international standards. Our mission is to provide innovative, value-driven solutions that exceed the expectations of professionals in the hotel, restaurant, and catering sectors. Our product portfolio is continuously updated to reflect the [&hellip;]<\/p>\n","protected":false},"author":1,"featured_media":0,"parent":0,"menu_order":0,"comment_status":"closed","ping_status":"closed","template":"","meta":{"site-sidebar-layout":"default","site-content-layout":"","ast-site-content-layout":"default","site-content-style":"default","site-sidebar-style":"default","ast-global-header-display":"","ast-banner-title-visibility":"","ast-main-header-display":"","ast-hfb-above-header-display":"","ast-hfb-below-header-display":"","ast-hfb-mobile-header-display":"","site-post-title":"disabled","ast-breadcrumbs-content":"","ast-featured-img":"","footer-sml-layout":"","ast-disable-related-posts":"","theme-transparent-header-meta":"","adv-header-id-meta":"","stick-header-meta":"","header-above-stick-meta":"","header-main-stick-meta":"","header-below-stick-meta":"","astra-migrate-meta-layouts":"set","ast-page-background-enabled":"default","ast-page-background-meta":{"desktop":{"background-color":"var(--ast-global-color-4)","background-image":"","background-repeat":"repeat","background-position":"center center","background-size":"auto","background-attachment":"scroll","background-type":"","background-media":"","overlay-type":"","overlay-color":"","overlay-opacity":"","overlay-gradient":""},"tablet":{"background-color":"","background-image":"","background-repeat":"repeat","background-position":"center center","background-size":"auto","background-attachment":"scroll","background-type":"","background-media":"","overlay-type":"","overlay-color":"","overlay-opacity":"","overlay-gradient":""},"mobile":{"background-color":"","background-image":"","background-repeat":"repeat","background-position":"center center","background-size":"auto","background-attachment":"scroll","background-type":"","background-media":"","overlay-type":"","overlay-color":"","overlay-opacity":"","overlay-gradient":""}},"ast-content-background-meta":{"desktop":{"background-color":"var(--ast-global-color-5)","background-image":"","background-repeat":"repeat","background-position":"center center","background-size":"auto","background-attachment":"scroll","background-type":"","background-media":"","overlay-type":"","overlay-color":"","overlay-opacity":"","overlay-gradient":""},"tablet":{"background-color":"var(--ast-global-color-5)","background-image":"","background-repeat":"repeat","background-position":"center center","background-size":"auto","background-attachment":"scroll","background-type":"","background-media":"","overlay-type":"","overlay-color":"","overlay-opacity":"","overlay-gradient":""},"mobile":{"background-color":"var(--ast-global-color-5)","background-image":"","background-repeat":"repeat","background-position":"center center","background-size":"auto","background-attachment":"scroll","background-type":"","background-media":"","overlay-type":"","overlay-color":"","overlay-opacity":"","overlay-gradient":""}},"footnotes":""},"class_list":["post-6","page","type-page","status-publish","hentry"],"yoast_head":"<!-- This site is optimized with the Yoast SEO plugin v27.4 - https:\/\/yoast.com\/product\/yoast-seo-wordpress\/ -->\n<title>About Us | Turquoise Horeca<\/title>\n<meta name=\"description\" content=\"Turquoise HoReCa provides premium tableware and equipment for hotels, restaurants, and catering with brands like Arnstadt, Dibbern, and Orrefors.\" \/>\n<meta name=\"robots\" content=\"index, follow, max-snippet:-1, max-image-preview:large, max-video-preview:-1\" \/>\n<link rel=\"canonical\" href=\"https:\/\/turquoisehoreca.com\/tr\/about-us\/\" \/>\n<meta property=\"og:locale\" content=\"tr_TR\" \/>\n<meta property=\"og:type\" content=\"article\" \/>\n<meta property=\"og:title\" content=\"About Us | Turquoise Horeca\" \/>\n<meta property=\"og:description\" content=\"Turquoise HoReCa provides premium tableware and equipment for hotels, restaurants, and catering with brands like Arnstadt, Dibbern, and Orrefors.\" \/>\n<meta property=\"og:url\" content=\"https:\/\/turquoisehoreca.com\/tr\/about-us\/\" \/>\n<meta property=\"article:modified_time\" content=\"2025-10-07T17:50:14+00:00\" \/>\n<meta name=\"twitter:card\" content=\"summary_large_image\" \/>\n<meta name=\"twitter:label1\" content=\"Tahmini okuma s\u00fcresi\" \/>\n\t<meta name=\"twitter:data1\" content=\"1 dakika\" \/>\n<script type=\"application\/ld+json\" class=\"yoast-schema-graph\">{\"@context\":\"https:\\\/\\\/schema.org\",\"@graph\":[{\"@type\":\"WebPage\",\"@id\":\"https:\\\/\\\/turquoisehoreca.com\\\/about-us\\\/\",\"url\":\"https:\\\/\\\/turquoisehoreca.com\\\/about-us\\\/\",\"name\":\"About Us | Turquoise Horeca\",\"isPartOf\":{\"@id\":\"https:\\\/\\\/turquoisehoreca.com\\\/#website\"},\"datePublished\":\"2022-05-23T13:07:35+00:00\",\"dateModified\":\"2025-10-07T17:50:14+00:00\",\"description\":\"Turquoise HoReCa provides premium tableware and equipment for hotels, restaurants, and catering with brands like Arnstadt, Dibbern, and Orrefors.\",\"breadcrumb\":{\"@id\":\"https:\\\/\\\/turquoisehoreca.com\\\/about-us\\\/#breadcrumb\"},\"inLanguage\":\"tr\",\"potentialAction\":[{\"@type\":\"ReadAction\",\"target\":[\"https:\\\/\\\/turquoisehoreca.com\\\/about-us\\\/\"]}]},{\"@type\":\"BreadcrumbList\",\"@id\":\"https:\\\/\\\/turquoisehoreca.com\\\/about-us\\\/#breadcrumb\",\"itemListElement\":[{\"@type\":\"ListItem\",\"position\":1,\"name\":\"Home\",\"item\":\"https:\\\/\\\/turquoisehoreca.com\\\/\"},{\"@type\":\"ListItem\",\"position\":2,\"name\":\"About Us\"}]},{\"@type\":\"WebSite\",\"@id\":\"https:\\\/\\\/turquoisehoreca.com\\\/#website\",\"url\":\"https:\\\/\\\/turquoisehoreca.com\\\/\",\"name\":\"\",\"description\":\"\",\"publisher\":{\"@id\":\"https:\\\/\\\/turquoisehoreca.com\\\/#organization\"},\"potentialAction\":[{\"@type\":\"SearchAction\",\"target\":{\"@type\":\"EntryPoint\",\"urlTemplate\":\"https:\\\/\\\/turquoisehoreca.com\\\/?s={search_term_string}\"},\"query-input\":{\"@type\":\"PropertyValueSpecification\",\"valueRequired\":true,\"valueName\":\"search_term_string\"}}],\"inLanguage\":\"tr\"},{\"@type\":\"Organization\",\"@id\":\"https:\\\/\\\/turquoisehoreca.com\\\/#organization\",\"name\":\"Turquoise Horeca\",\"alternateName\":\"Turquoise istanbul\",\"url\":\"https:\\\/\\\/turquoisehoreca.com\\\/\",\"logo\":{\"@type\":\"ImageObject\",\"inLanguage\":\"tr\",\"@id\":\"https:\\\/\\\/turquoisehoreca.com\\\/#\\\/schema\\\/logo\\\/image\\\/\",\"url\":\"https:\\\/\\\/turquoisehoreca.com\\\/wp-content\\\/uploads\\\/2022\\\/05\\\/cropped-Black-and-White-Modern-Elegant-Brand-Logo-1.png\",\"contentUrl\":\"https:\\\/\\\/turquoisehoreca.com\\\/wp-content\\\/uploads\\\/2022\\\/05\\\/cropped-Black-and-White-Modern-Elegant-Brand-Logo-1.png\",\"width\":499,\"height\":124,\"caption\":\"Turquoise Horeca\"},\"image\":{\"@id\":\"https:\\\/\\\/turquoisehoreca.com\\\/#\\\/schema\\\/logo\\\/image\\\/\"},\"sameAs\":[\"https:\\\/\\\/www.instagram.com\\\/turquoisehoreca\\\/\"]}]}<\/script>\n<!-- \/ Yoast SEO plugin. -->","yoast_head_json":{"title":"About Us | Turquoise Horeca","description":"Turquoise HoReCa provides premium tableware and equipment for hotels, restaurants, and catering with brands like Arnstadt, Dibbern, and Orrefors.","robots":{"index":"index","follow":"follow","max-snippet":"max-snippet:-1","max-image-preview":"max-image-preview:large","max-video-preview":"max-video-preview:-1"},"canonical":"https:\/\/turquoisehoreca.com\/tr\/about-us\/","og_locale":"tr_TR","og_type":"article","og_title":"About Us | Turquoise Horeca","og_description":"Turquoise HoReCa provides premium tableware and equipment for hotels, restaurants, and catering with brands like Arnstadt, Dibbern, and Orrefors.","og_url":"https:\/\/turquoisehoreca.com\/tr\/about-us\/","article_modified_time":"2025-10-07T17:50:14+00:00","twitter_card":"summary_large_image","twitter_misc":{"Tahmini okuma s\u00fcresi":"1 dakika"},"schema":{"@context":"https:\/\/schema.org","@graph":[{"@type":"WebPage","@id":"https:\/\/turquoisehoreca.com\/about-us\/","url":"https:\/\/turquoisehoreca.com\/about-us\/","name":"About Us | Turquoise Horeca","isPartOf":{"@id":"https:\/\/turquoisehoreca.com\/#website"},"datePublished":"2022-05-23T13:07:35+00:00","dateModified":"2025-10-07T17:50:14+00:00","description":"Turquoise HoReCa provides premium tableware and equipment for hotels, restaurants, and catering with brands like Arnstadt, Dibbern, and Orrefors.","breadcrumb":{"@id":"https:\/\/turquoisehoreca.com\/about-us\/#breadcrumb"},"inLanguage":"tr","potentialAction":[{"@type":"ReadAction","target":["https:\/\/turquoisehoreca.com\/about-us\/"]}]},{"@type":"BreadcrumbList","@id":"https:\/\/turquoisehoreca.com\/about-us\/#breadcrumb","itemListElement":[{"@type":"ListItem","position":1,"name":"Home","item":"https:\/\/turquoisehoreca.com\/"},{"@type":"ListItem","position":2,"name":"About Us"}]},{"@type":"WebSite","@id":"https:\/\/turquoisehoreca.com\/#website","url":"https:\/\/turquoisehoreca.com\/","name":"","description":"","publisher":{"@id":"https:\/\/turquoisehoreca.com\/#organization"},"potentialAction":[{"@type":"SearchAction","target":{"@type":"EntryPoint","urlTemplate":"https:\/\/turquoisehoreca.com\/?s={search_term_string}"},"query-input":{"@type":"PropertyValueSpecification","valueRequired":true,"valueName":"search_term_string"}}],"inLanguage":"tr"},{"@type":"Organization","@id":"https:\/\/turquoisehoreca.com\/#organization","name":"Turquoise Horeca","alternateName":"Turquoise istanbul","url":"https:\/\/turquoisehoreca.com\/","logo":{"@type":"ImageObject","inLanguage":"tr","@id":"https:\/\/turquoisehoreca.com\/#\/schema\/logo\/image\/","url":"https:\/\/turquoisehoreca.com\/wp-content\/uploads\/2022\/05\/cropped-Black-and-White-Modern-Elegant-Brand-Logo-1.png","contentUrl":"https:\/\/turquoisehoreca.com\/wp-content\/uploads\/2022\/05\/cropped-Black-and-White-Modern-Elegant-Brand-Logo-1.png","width":499,"height":124,"caption":"Turquoise Horeca"},"image":{"@id":"https:\/\/turquoisehoreca.com\/#\/schema\/logo\/image\/"},"sameAs":["https:\/\/www.instagram.com\/turquoisehoreca\/"]}]}},"_links":{"self":[{"href":"https:\/\/turquoisehoreca.com\/tr\/wp-json\/wp\/v2\/pages\/6","targetHints":{"allow":["GET"]}}],"collection":[{"href":"https:\/\/turquoisehoreca.com\/tr\/wp-json\/wp\/v2\/pages"}],"about":[{"href":"https:\/\/turquoisehoreca.com\/tr\/wp-json\/wp\/v2\/types\/page"}],"author":[{"embeddable":true,"href":"https:\/\/turquoisehoreca.com\/tr\/wp-json\/wp\/v2\/users\/1"}],"replies":[{"embeddable":true,"href":"https:\/\/turquoisehoreca.com\/tr\/wp-json\/wp\/v2\/comments?post=6"}],"version-history":[{"count":4,"href":"https:\/\/turquoisehoreca.com\/tr\/wp-json\/wp\/v2\/pages\/6\/revisions"}],"predecessor-version":[{"id":2222,"href":"https:\/\/turquoisehoreca.com\/tr\/wp-json\/wp\/v2\/pages\/6\/revisions\/2222"}],"wp:attachment":[{"href":"https:\/\/turquoisehoreca.com\/tr\/wp-json\/wp\/v2\/media?parent=6"}],"curies":[{"name":"wp","href":"https:\/\/api.w.org\/{rel}","templated":true}]}}