{"id":1606,"date":"2023-01-16T14:31:45","date_gmt":"2023-01-16T12:31:45","guid":{"rendered":"https:\/\/turquoisehoreca.com\/?page_id=1606"},"modified":"2023-01-25T19:31:59","modified_gmt":"2023-01-25T17:31:59","slug":"tufekci-karadayi","status":"publish","type":"page","link":"https:\/\/turquoisehoreca.com\/tr\/tufekci-karadayi\/","title":{"rendered":"T\u00fcfek\u00e7i Karaday\u0131"},"content":{"rendered":"<p class=\"has-text-align-center has-large-font-size\"><strong>T\u00fcfek\u00e7i Karaday\u0131<\/strong><\/p>\n\n\n\n<p class=\"has-text-align-left\" style=\"font-size:16px\">T\u00fcfek\u00e7i Karaday\u0131 has started to design and produce knives in 1920 thanks to their grand grandfather. The experience and creativity are passed on from generation to generation. T\u00fcfek\u00e7i Karaday\u0131 saw the knife as a fingerprint and aimed to make a human-specific knife. Today, they are a solid brand in Turkey among famous chefs and their kitchens.<\/p>\n\n\n\n<div class=\"wp-block-columns is-layout-flex wp-container-core-columns-is-layout-28f84493 wp-block-columns-is-layout-flex\">\n<div class=\"wp-block-column is-layout-flow wp-block-column-is-layout-flow\">\n<figure class=\"wp-block-image size-full\"><img fetchpriority=\"high\" decoding=\"async\" width=\"400\" height=\"400\" src=\"https:\/\/turquoisehoreca.com\/wp-content\/uploads\/2023\/01\/tufekci_karadayi_400_30.jpg\" alt=\"\" class=\"wp-image-1611\" srcset=\"https:\/\/turquoisehoreca.com\/wp-content\/uploads\/2023\/01\/tufekci_karadayi_400_30.jpg 400w, https:\/\/turquoisehoreca.com\/wp-content\/uploads\/2023\/01\/tufekci_karadayi_400_30-300x300.jpg 300w, https:\/\/turquoisehoreca.com\/wp-content\/uploads\/2023\/01\/tufekci_karadayi_400_30-150x150.jpg 150w, https:\/\/turquoisehoreca.com\/wp-content\/uploads\/2023\/01\/tufekci_karadayi_400_30-12x12.jpg 12w\" sizes=\"(max-width: 400px) 100vw, 400px\" \/><\/figure>\n<\/div>\n\n\n\n<div class=\"wp-block-column is-layout-flow wp-block-column-is-layout-flow\">\n<figure class=\"wp-block-image size-full\"><img decoding=\"async\" width=\"400\" height=\"400\" data-src=\"https:\/\/turquoisehoreca.com\/wp-content\/uploads\/2023\/01\/tufekci_karadayi_400_20.jpg\" alt=\"\" class=\"wp-image-1612 lazyload\" data-srcset=\"https:\/\/turquoisehoreca.com\/wp-content\/uploads\/2023\/01\/tufekci_karadayi_400_20.jpg 400w, https:\/\/turquoisehoreca.com\/wp-content\/uploads\/2023\/01\/tufekci_karadayi_400_20-300x300.jpg 300w, https:\/\/turquoisehoreca.com\/wp-content\/uploads\/2023\/01\/tufekci_karadayi_400_20-150x150.jpg 150w, https:\/\/turquoisehoreca.com\/wp-content\/uploads\/2023\/01\/tufekci_karadayi_400_20-12x12.jpg 12w\" data-sizes=\"(max-width: 400px) 100vw, 400px\" src=\"data:image\/svg+xml;base64,PHN2ZyB3aWR0aD0iMSIgaGVpZ2h0PSIxIiB4bWxucz0iaHR0cDovL3d3dy53My5vcmcvMjAwMC9zdmciPjwvc3ZnPg==\" style=\"--smush-placeholder-width: 400px; --smush-placeholder-aspect-ratio: 400\/400;\" \/><\/figure>\n<\/div>\n\n\n\n<div class=\"wp-block-column is-layout-flow wp-block-column-is-layout-flow\">\n<figure class=\"wp-block-image size-full\"><img decoding=\"async\" width=\"400\" height=\"400\" data-src=\"https:\/\/turquoisehoreca.com\/wp-content\/uploads\/2023\/01\/tufekci_karadayi_400_10.jpg\" alt=\"\" class=\"wp-image-1614 lazyload\" data-srcset=\"https:\/\/turquoisehoreca.com\/wp-content\/uploads\/2023\/01\/tufekci_karadayi_400_10.jpg 400w, https:\/\/turquoisehoreca.com\/wp-content\/uploads\/2023\/01\/tufekci_karadayi_400_10-300x300.jpg 300w, https:\/\/turquoisehoreca.com\/wp-content\/uploads\/2023\/01\/tufekci_karadayi_400_10-150x150.jpg 150w, https:\/\/turquoisehoreca.com\/wp-content\/uploads\/2023\/01\/tufekci_karadayi_400_10-12x12.jpg 12w\" data-sizes=\"(max-width: 400px) 100vw, 400px\" src=\"data:image\/svg+xml;base64,PHN2ZyB3aWR0aD0iMSIgaGVpZ2h0PSIxIiB4bWxucz0iaHR0cDovL3d3dy53My5vcmcvMjAwMC9zdmciPjwvc3ZnPg==\" style=\"--smush-placeholder-width: 400px; --smush-placeholder-aspect-ratio: 400\/400;\" \/><\/figure>\n<\/div>\n<\/div>\n\n\n\n<p class=\"has-text-align-center has-large-font-size\"><strong>Katalog<\/strong><\/p>\n\n\n\n<div class=\"wp-block-columns has-ast-global-color-4-background-color has-background is-layout-flex wp-container-core-columns-is-layout-28f84493 wp-block-columns-is-layout-flex\">\n<div class=\"wp-block-column is-layout-flow wp-block-column-is-layout-flow\" style=\"flex-basis:25%\">\n<div class=\"wp-block-file hvr-float-shadow\"><a id=\"wp-block-file--media-09141ce7-a92a-47f9-ad08-d5a16ebd7d7c\" href=\"https:\/\/turquoisehoreca.com\/wp-content\/uploads\/2023\/01\/Tufekci-Karadayi-Eng-Presentation-compressed.pdf\" target=\"_blank\" rel=\"noreferrer noopener\"><img decoding=\"async\" width=\"250\" height=\"333\" class=\"wp-image-1638 lazyload\" style=\"--smush-placeholder-width: 250px; --smush-placeholder-aspect-ratio: 250\/333;width: 250px;\" data-src=\"https:\/\/turquoisehoreca.com\/wp-content\/uploads\/2023\/01\/tufekci_karadayi_catalog_1_450.jpg\" alt=\"\" data-srcset=\"https:\/\/turquoisehoreca.com\/wp-content\/uploads\/2023\/01\/tufekci_karadayi_catalog_1_450.jpg 450w, https:\/\/turquoisehoreca.com\/wp-content\/uploads\/2023\/01\/tufekci_karadayi_catalog_1_450-225x300.jpg 225w, https:\/\/turquoisehoreca.com\/wp-content\/uploads\/2023\/01\/tufekci_karadayi_catalog_1_450-9x12.jpg 9w\" data-sizes=\"(max-width: 250px) 100vw, 250px\" src=\"data:image\/svg+xml;base64,PHN2ZyB3aWR0aD0iMSIgaGVpZ2h0PSIxIiB4bWxucz0iaHR0cDovL3d3dy53My5vcmcvMjAwMC9zdmciPjwvc3ZnPg==\" \/><\/a><\/div>\n<\/div>\n\n\n\n<div class=\"wp-block-column is-layout-flow wp-block-column-is-layout-flow\" style=\"flex-basis:25%\"><\/div>\n\n\n\n<div class=\"wp-block-column is-layout-flow wp-block-column-is-layout-flow\" style=\"flex-basis:25%\"><\/div>\n\n\n\n<div class=\"wp-block-column is-layout-flow wp-block-column-is-layout-flow\" style=\"flex-basis:25%\"><\/div>\n<\/div>","protected":false},"excerpt":{"rendered":"<p>T\u00fcfek\u00e7i Karaday\u0131 T\u00fcfek\u00e7i Karaday\u0131 has started to design and produce knives in 1920 thanks to their grand grandfather. The experience and creativity are passed on from generation to generation. T\u00fcfek\u00e7i Karaday\u0131 saw the knife as a fingerprint and aimed to make a human-specific knife. Today, they are a solid brand in Turkey among famous chefs [&hellip;]<\/p>\n","protected":false},"author":2,"featured_media":0,"parent":0,"menu_order":0,"comment_status":"closed","ping_status":"closed","template":"","meta":{"site-sidebar-layout":"default","site-content-layout":"","ast-site-content-layout":"default","site-content-style":"default","site-sidebar-style":"default","ast-global-header-display":"","ast-banner-title-visibility":"","ast-main-header-display":"","ast-hfb-above-header-display":"","ast-hfb-below-header-display":"","ast-hfb-mobile-header-display":"","site-post-title":"","ast-breadcrumbs-content":"","ast-featured-img":"","footer-sml-layout":"","ast-disable-related-posts":"","theme-transparent-header-meta":"","adv-header-id-meta":"","stick-header-meta":"","header-above-stick-meta":"","header-main-stick-meta":"","header-below-stick-meta":"","astra-migrate-meta-layouts":"default","ast-page-background-enabled":"default","ast-page-background-meta":{"desktop":{"background-color":"var(--ast-global-color-4)","background-image":"","background-repeat":"repeat","background-position":"center center","background-size":"auto","background-attachment":"scroll","background-type":"","background-media":"","overlay-type":"","overlay-color":"","overlay-opacity":"","overlay-gradient":""},"tablet":{"background-color":"","background-image":"","background-repeat":"repeat","background-position":"center center","background-size":"auto","background-attachment":"scroll","background-type":"","background-media":"","overlay-type":"","overlay-color":"","overlay-opacity":"","overlay-gradient":""},"mobile":{"background-color":"","background-image":"","background-repeat":"repeat","background-position":"center center","background-size":"auto","background-attachment":"scroll","background-type":"","background-media":"","overlay-type":"","overlay-color":"","overlay-opacity":"","overlay-gradient":""}},"ast-content-background-meta":{"desktop":{"background-color":"var(--ast-global-color-5)","background-image":"","background-repeat":"repeat","background-position":"center center","background-size":"auto","background-attachment":"scroll","background-type":"","background-media":"","overlay-type":"","overlay-color":"","overlay-opacity":"","overlay-gradient":""},"tablet":{"background-color":"var(--ast-global-color-5)","background-image":"","background-repeat":"repeat","background-position":"center center","background-size":"auto","background-attachment":"scroll","background-type":"","background-media":"","overlay-type":"","overlay-color":"","overlay-opacity":"","overlay-gradient":""},"mobile":{"background-color":"var(--ast-global-color-5)","background-image":"","background-repeat":"repeat","background-position":"center center","background-size":"auto","background-attachment":"scroll","background-type":"","background-media":"","overlay-type":"","overlay-color":"","overlay-opacity":"","overlay-gradient":""}},"footnotes":""},"class_list":["post-1606","page","type-page","status-publish","hentry"],"yoast_head":"<!-- This site is optimized with the Yoast SEO plugin v27.4 - https:\/\/yoast.com\/product\/yoast-seo-wordpress\/ -->\n<title>T\u00fcfek\u00e7i Karaday\u0131 | Turquoise Horeca<\/title>\n<meta name=\"description\" content=\"T\u00fcfek\u00e7i Karaday\u0131 has started to design and produce knives in 1920 thanks to their grand grandfather. The experience and creativity are passed on from generation to generation. T\u00fcfek\u00e7i Karaday\u0131 saw the knife as a fingerprint and aimed to make a human-specific knife. Today, they are a solid brand in Turkey among famous chefs and their kitchens.\" \/>\n<meta name=\"robots\" content=\"index, follow, max-snippet:-1, max-image-preview:large, max-video-preview:-1\" \/>\n<link rel=\"canonical\" href=\"https:\/\/turquoisehoreca.com\/tr\/tufekci-karadayi\/\" \/>\n<meta property=\"og:locale\" content=\"tr_TR\" \/>\n<meta property=\"og:type\" content=\"article\" \/>\n<meta property=\"og:title\" content=\"T\u00fcfek\u00e7i Karaday\u0131 | Turquoise Horeca\" \/>\n<meta property=\"og:description\" content=\"T\u00fcfek\u00e7i Karaday\u0131 has started to design and produce knives in 1920 thanks to their grand grandfather. The experience and creativity are passed on from generation to generation. T\u00fcfek\u00e7i Karaday\u0131 saw the knife as a fingerprint and aimed to make a human-specific knife. Today, they are a solid brand in Turkey among famous chefs and their kitchens.\" \/>\n<meta property=\"og:url\" content=\"https:\/\/turquoisehoreca.com\/tr\/tufekci-karadayi\/\" \/>\n<meta property=\"article:modified_time\" content=\"2023-01-25T17:31:59+00:00\" \/>\n<meta property=\"og:image\" content=\"https:\/\/turquoisehoreca.com\/wp-content\/uploads\/2023\/01\/tufekci_karadayi_400_30.jpg\" \/>\n<meta name=\"twitter:card\" content=\"summary_large_image\" \/>\n<meta name=\"twitter:label1\" content=\"Tahmini okuma s\u00fcresi\" \/>\n\t<meta name=\"twitter:data1\" content=\"2 dakika\" \/>\n<script type=\"application\/ld+json\" class=\"yoast-schema-graph\">{\"@context\":\"https:\\\/\\\/schema.org\",\"@graph\":[{\"@type\":\"WebPage\",\"@id\":\"https:\\\/\\\/turquoisehoreca.com\\\/tufekci-karadayi\\\/\",\"url\":\"https:\\\/\\\/turquoisehoreca.com\\\/tufekci-karadayi\\\/\",\"name\":\"T\u00fcfek\u00e7i Karaday\u0131 | Turquoise Horeca\",\"isPartOf\":{\"@id\":\"https:\\\/\\\/turquoisehoreca.com\\\/#website\"},\"primaryImageOfPage\":{\"@id\":\"https:\\\/\\\/turquoisehoreca.com\\\/tufekci-karadayi\\\/#primaryimage\"},\"image\":{\"@id\":\"https:\\\/\\\/turquoisehoreca.com\\\/tufekci-karadayi\\\/#primaryimage\"},\"thumbnailUrl\":\"https:\\\/\\\/turquoisehoreca.com\\\/wp-content\\\/uploads\\\/2023\\\/01\\\/tufekci_karadayi_400_30.jpg\",\"datePublished\":\"2023-01-16T12:31:45+00:00\",\"dateModified\":\"2023-01-25T17:31:59+00:00\",\"description\":\"T\u00fcfek\u00e7i Karaday\u0131 has started to design and produce knives in 1920 thanks to their grand grandfather. The experience and creativity are passed on from generation to generation. T\u00fcfek\u00e7i Karaday\u0131 saw the knife as a fingerprint and aimed to make a human-specific knife. Today, they are a solid brand in Turkey among famous chefs and their kitchens.\",\"breadcrumb\":{\"@id\":\"https:\\\/\\\/turquoisehoreca.com\\\/tufekci-karadayi\\\/#breadcrumb\"},\"inLanguage\":\"tr\",\"potentialAction\":[{\"@type\":\"ReadAction\",\"target\":[\"https:\\\/\\\/turquoisehoreca.com\\\/tufekci-karadayi\\\/\"]}]},{\"@type\":\"ImageObject\",\"inLanguage\":\"tr\",\"@id\":\"https:\\\/\\\/turquoisehoreca.com\\\/tufekci-karadayi\\\/#primaryimage\",\"url\":\"https:\\\/\\\/turquoisehoreca.com\\\/wp-content\\\/uploads\\\/2023\\\/01\\\/tufekci_karadayi_400_30.jpg\",\"contentUrl\":\"https:\\\/\\\/turquoisehoreca.com\\\/wp-content\\\/uploads\\\/2023\\\/01\\\/tufekci_karadayi_400_30.jpg\"},{\"@type\":\"BreadcrumbList\",\"@id\":\"https:\\\/\\\/turquoisehoreca.com\\\/tufekci-karadayi\\\/#breadcrumb\",\"itemListElement\":[{\"@type\":\"ListItem\",\"position\":1,\"name\":\"Home\",\"item\":\"https:\\\/\\\/turquoisehoreca.com\\\/\"},{\"@type\":\"ListItem\",\"position\":2,\"name\":\"T\u00fcfek\u00e7i Karaday\u0131\"}]},{\"@type\":\"WebSite\",\"@id\":\"https:\\\/\\\/turquoisehoreca.com\\\/#website\",\"url\":\"https:\\\/\\\/turquoisehoreca.com\\\/\",\"name\":\"\",\"description\":\"\",\"publisher\":{\"@id\":\"https:\\\/\\\/turquoisehoreca.com\\\/#organization\"},\"potentialAction\":[{\"@type\":\"SearchAction\",\"target\":{\"@type\":\"EntryPoint\",\"urlTemplate\":\"https:\\\/\\\/turquoisehoreca.com\\\/?s={search_term_string}\"},\"query-input\":{\"@type\":\"PropertyValueSpecification\",\"valueRequired\":true,\"valueName\":\"search_term_string\"}}],\"inLanguage\":\"tr\"},{\"@type\":\"Organization\",\"@id\":\"https:\\\/\\\/turquoisehoreca.com\\\/#organization\",\"name\":\"Turquoise Horeca\",\"alternateName\":\"Turquoise istanbul\",\"url\":\"https:\\\/\\\/turquoisehoreca.com\\\/\",\"logo\":{\"@type\":\"ImageObject\",\"inLanguage\":\"tr\",\"@id\":\"https:\\\/\\\/turquoisehoreca.com\\\/#\\\/schema\\\/logo\\\/image\\\/\",\"url\":\"https:\\\/\\\/turquoisehoreca.com\\\/wp-content\\\/uploads\\\/2022\\\/05\\\/cropped-Black-and-White-Modern-Elegant-Brand-Logo-1.png\",\"contentUrl\":\"https:\\\/\\\/turquoisehoreca.com\\\/wp-content\\\/uploads\\\/2022\\\/05\\\/cropped-Black-and-White-Modern-Elegant-Brand-Logo-1.png\",\"width\":499,\"height\":124,\"caption\":\"Turquoise Horeca\"},\"image\":{\"@id\":\"https:\\\/\\\/turquoisehoreca.com\\\/#\\\/schema\\\/logo\\\/image\\\/\"},\"sameAs\":[\"https:\\\/\\\/www.instagram.com\\\/turquoisehoreca\\\/\"]}]}<\/script>\n<!-- \/ Yoast SEO plugin. -->","yoast_head_json":{"title":"T\u00fcfek\u00e7i Karaday\u0131 | Turquoise Horeca","description":"T\u00fcfek\u00e7i Karaday\u0131 has started to design and produce knives in 1920 thanks to their grand grandfather. The experience and creativity are passed on from generation to generation. T\u00fcfek\u00e7i Karaday\u0131 saw the knife as a fingerprint and aimed to make a human-specific knife. Today, they are a solid brand in Turkey among famous chefs and their kitchens.","robots":{"index":"index","follow":"follow","max-snippet":"max-snippet:-1","max-image-preview":"max-image-preview:large","max-video-preview":"max-video-preview:-1"},"canonical":"https:\/\/turquoisehoreca.com\/tr\/tufekci-karadayi\/","og_locale":"tr_TR","og_type":"article","og_title":"T\u00fcfek\u00e7i Karaday\u0131 | Turquoise Horeca","og_description":"T\u00fcfek\u00e7i Karaday\u0131 has started to design and produce knives in 1920 thanks to their grand grandfather. The experience and creativity are passed on from generation to generation. T\u00fcfek\u00e7i Karaday\u0131 saw the knife as a fingerprint and aimed to make a human-specific knife. Today, they are a solid brand in Turkey among famous chefs and their kitchens.","og_url":"https:\/\/turquoisehoreca.com\/tr\/tufekci-karadayi\/","article_modified_time":"2023-01-25T17:31:59+00:00","og_image":[{"url":"https:\/\/turquoisehoreca.com\/wp-content\/uploads\/2023\/01\/tufekci_karadayi_400_30.jpg","type":"","width":"","height":""}],"twitter_card":"summary_large_image","twitter_misc":{"Tahmini okuma s\u00fcresi":"2 dakika"},"schema":{"@context":"https:\/\/schema.org","@graph":[{"@type":"WebPage","@id":"https:\/\/turquoisehoreca.com\/tufekci-karadayi\/","url":"https:\/\/turquoisehoreca.com\/tufekci-karadayi\/","name":"T\u00fcfek\u00e7i Karaday\u0131 | Turquoise Horeca","isPartOf":{"@id":"https:\/\/turquoisehoreca.com\/#website"},"primaryImageOfPage":{"@id":"https:\/\/turquoisehoreca.com\/tufekci-karadayi\/#primaryimage"},"image":{"@id":"https:\/\/turquoisehoreca.com\/tufekci-karadayi\/#primaryimage"},"thumbnailUrl":"https:\/\/turquoisehoreca.com\/wp-content\/uploads\/2023\/01\/tufekci_karadayi_400_30.jpg","datePublished":"2023-01-16T12:31:45+00:00","dateModified":"2023-01-25T17:31:59+00:00","description":"T\u00fcfek\u00e7i Karaday\u0131 has started to design and produce knives in 1920 thanks to their grand grandfather. The experience and creativity are passed on from generation to generation. T\u00fcfek\u00e7i Karaday\u0131 saw the knife as a fingerprint and aimed to make a human-specific knife. Today, they are a solid brand in Turkey among famous chefs and their kitchens.","breadcrumb":{"@id":"https:\/\/turquoisehoreca.com\/tufekci-karadayi\/#breadcrumb"},"inLanguage":"tr","potentialAction":[{"@type":"ReadAction","target":["https:\/\/turquoisehoreca.com\/tufekci-karadayi\/"]}]},{"@type":"ImageObject","inLanguage":"tr","@id":"https:\/\/turquoisehoreca.com\/tufekci-karadayi\/#primaryimage","url":"https:\/\/turquoisehoreca.com\/wp-content\/uploads\/2023\/01\/tufekci_karadayi_400_30.jpg","contentUrl":"https:\/\/turquoisehoreca.com\/wp-content\/uploads\/2023\/01\/tufekci_karadayi_400_30.jpg"},{"@type":"BreadcrumbList","@id":"https:\/\/turquoisehoreca.com\/tufekci-karadayi\/#breadcrumb","itemListElement":[{"@type":"ListItem","position":1,"name":"Home","item":"https:\/\/turquoisehoreca.com\/"},{"@type":"ListItem","position":2,"name":"T\u00fcfek\u00e7i Karaday\u0131"}]},{"@type":"WebSite","@id":"https:\/\/turquoisehoreca.com\/#website","url":"https:\/\/turquoisehoreca.com\/","name":"","description":"","publisher":{"@id":"https:\/\/turquoisehoreca.com\/#organization"},"potentialAction":[{"@type":"SearchAction","target":{"@type":"EntryPoint","urlTemplate":"https:\/\/turquoisehoreca.com\/?s={search_term_string}"},"query-input":{"@type":"PropertyValueSpecification","valueRequired":true,"valueName":"search_term_string"}}],"inLanguage":"tr"},{"@type":"Organization","@id":"https:\/\/turquoisehoreca.com\/#organization","name":"Turquoise Horeca","alternateName":"Turquoise istanbul","url":"https:\/\/turquoisehoreca.com\/","logo":{"@type":"ImageObject","inLanguage":"tr","@id":"https:\/\/turquoisehoreca.com\/#\/schema\/logo\/image\/","url":"https:\/\/turquoisehoreca.com\/wp-content\/uploads\/2022\/05\/cropped-Black-and-White-Modern-Elegant-Brand-Logo-1.png","contentUrl":"https:\/\/turquoisehoreca.com\/wp-content\/uploads\/2022\/05\/cropped-Black-and-White-Modern-Elegant-Brand-Logo-1.png","width":499,"height":124,"caption":"Turquoise Horeca"},"image":{"@id":"https:\/\/turquoisehoreca.com\/#\/schema\/logo\/image\/"},"sameAs":["https:\/\/www.instagram.com\/turquoisehoreca\/"]}]}},"_links":{"self":[{"href":"https:\/\/turquoisehoreca.com\/tr\/wp-json\/wp\/v2\/pages\/1606","targetHints":{"allow":["GET"]}}],"collection":[{"href":"https:\/\/turquoisehoreca.com\/tr\/wp-json\/wp\/v2\/pages"}],"about":[{"href":"https:\/\/turquoisehoreca.com\/tr\/wp-json\/wp\/v2\/types\/page"}],"author":[{"embeddable":true,"href":"https:\/\/turquoisehoreca.com\/tr\/wp-json\/wp\/v2\/users\/2"}],"replies":[{"embeddable":true,"href":"https:\/\/turquoisehoreca.com\/tr\/wp-json\/wp\/v2\/comments?post=1606"}],"version-history":[{"count":0,"href":"https:\/\/turquoisehoreca.com\/tr\/wp-json\/wp\/v2\/pages\/1606\/revisions"}],"wp:attachment":[{"href":"https:\/\/turquoisehoreca.com\/tr\/wp-json\/wp\/v2\/media?parent=1606"}],"curies":[{"name":"wp","href":"https:\/\/api.w.org\/{rel}","templated":true}]}}