{"id":1014,"date":"2022-06-24T11:29:13","date_gmt":"2022-06-24T11:29:13","guid":{"rendered":"https:\/\/turquoisehoreca.com\/?page_id=1014"},"modified":"2023-02-21T14:13:11","modified_gmt":"2023-02-21T12:13:11","slug":"aida","status":"publish","type":"page","link":"https:\/\/turquoisehoreca.com\/tr\/brands\/aida\/","title":{"rendered":"aida"},"content":{"rendered":"<p class=\"has-text-align-center has-larger-font-size\"><strong>aida<\/strong><\/p>\n\n\n\n<p>Aida, modern sofra ve ev i\u00e7in ta\u015f, porselen, cam, \u00e7atal-b\u0131\u00e7ak tak\u0131mlar\u0131 ve mutfak e\u015fyalar\u0131 \u00fcreten deneyimli bir tasar\u0131m evidir.<\/p>\n\n\n\n<p>\u015eirket, 60 y\u0131l\u0131 a\u015fk\u0131n bir s\u00fcre \u00f6nce kurulmu\u015f olup, y\u0131llar i\u00e7inde Poul Pava ve 1984'te piyasaya s\u00fcr\u00fclen ve hala sat\u0131\u015fta olan Danimarka'n\u0131n en \u00e7ok sat\u0131lan yemek tak\u0131m\u0131 olan Atelier gibi bir\u00e7ok pop\u00fcler yemek tak\u0131m\u0131 ve tasar\u0131m yaratm\u0131\u015ft\u0131r. Aida, kaliteden, iyi i\u015f\u00e7ilikten, i\u015flevsellikten ve uygun fiyattan \u00f6d\u00fcn vermeden zaman\u0131n trendlerini takip etmektedir.<\/p>\n\n\n\n<div class=\"wp-block-columns are-vertically-aligned-center is-layout-flex wp-container-core-columns-is-layout-28f84493 wp-block-columns-is-layout-flex\">\n<div class=\"wp-block-column is-vertically-aligned-center is-layout-flow wp-block-column-is-layout-flow\">\n<figure class=\"wp-block-image size-full\"><img fetchpriority=\"high\" decoding=\"async\" width=\"300\" height=\"300\" src=\"https:\/\/turquoisehoreca.com\/wp-content\/uploads\/2022\/06\/282624861_2259935037505461_3202775727057754286_n.jpg\" alt=\"\" class=\"wp-image-1015\" srcset=\"https:\/\/turquoisehoreca.com\/wp-content\/uploads\/2022\/06\/282624861_2259935037505461_3202775727057754286_n.jpg 300w, https:\/\/turquoisehoreca.com\/wp-content\/uploads\/2022\/06\/282624861_2259935037505461_3202775727057754286_n-150x150.jpg 150w\" sizes=\"(max-width: 300px) 100vw, 300px\" \/><\/figure>\n<\/div>\n\n\n\n<div class=\"wp-block-column is-vertically-aligned-center is-layout-flow wp-block-column-is-layout-flow\">\n<figure class=\"wp-block-image size-full\"><img decoding=\"async\" width=\"300\" height=\"300\" data-src=\"https:\/\/turquoisehoreca.com\/wp-content\/uploads\/2022\/06\/280272963_2254267681405530_2091207883312067771_n.jpg\" alt=\"\" class=\"wp-image-1016 lazyload\" data-srcset=\"https:\/\/turquoisehoreca.com\/wp-content\/uploads\/2022\/06\/280272963_2254267681405530_2091207883312067771_n.jpg 300w, https:\/\/turquoisehoreca.com\/wp-content\/uploads\/2022\/06\/280272963_2254267681405530_2091207883312067771_n-150x150.jpg 150w\" data-sizes=\"(max-width: 300px) 100vw, 300px\" src=\"data:image\/svg+xml;base64,PHN2ZyB3aWR0aD0iMSIgaGVpZ2h0PSIxIiB4bWxucz0iaHR0cDovL3d3dy53My5vcmcvMjAwMC9zdmciPjwvc3ZnPg==\" style=\"--smush-placeholder-width: 300px; --smush-placeholder-aspect-ratio: 300\/300;\" \/><\/figure>\n<\/div>\n\n\n\n<div class=\"wp-block-column is-vertically-aligned-center is-layout-flow wp-block-column-is-layout-flow\">\n<figure class=\"wp-block-image size-full\"><img decoding=\"async\" width=\"300\" height=\"300\" data-src=\"https:\/\/turquoisehoreca.com\/wp-content\/uploads\/2022\/06\/287418012_2285510134947951_9146591956190540500_n.jpg\" alt=\"\" class=\"wp-image-1017 lazyload\" data-srcset=\"https:\/\/turquoisehoreca.com\/wp-content\/uploads\/2022\/06\/287418012_2285510134947951_9146591956190540500_n.jpg 300w, https:\/\/turquoisehoreca.com\/wp-content\/uploads\/2022\/06\/287418012_2285510134947951_9146591956190540500_n-150x150.jpg 150w\" data-sizes=\"(max-width: 300px) 100vw, 300px\" src=\"data:image\/svg+xml;base64,PHN2ZyB3aWR0aD0iMSIgaGVpZ2h0PSIxIiB4bWxucz0iaHR0cDovL3d3dy53My5vcmcvMjAwMC9zdmciPjwvc3ZnPg==\" style=\"--smush-placeholder-width: 300px; --smush-placeholder-aspect-ratio: 300\/300;\" \/><\/figure>\n<\/div>\n<\/div>\n\n\n\n<p class=\"has-text-align-center has-large-font-size\"><strong>Katalog<\/strong><\/p>\n\n\n\n<div class=\"wp-block-columns are-vertically-aligned-center has-ast-global-color-4-background-color has-background is-layout-flex wp-container-core-columns-is-layout-28f84493 wp-block-columns-is-layout-flex\">\n<div class=\"wp-block-column is-vertically-aligned-center is-layout-flow wp-block-column-is-layout-flow\">\n<div class=\"wp-block-columns is-layout-flex wp-container-core-columns-is-layout-28f84493 wp-block-columns-is-layout-flex\">\n<div class=\"wp-block-column is-layout-flow wp-block-column-is-layout-flow\" style=\"flex-basis:100%\">\n<div class=\"wp-block-file hvr-float-shadow\"><a id=\"wp-block-file--media-1530eb17-47ff-4ad7-a815-52911e4868cf\" href=\"https:\/\/turquoisehoreca.com\/wp-content\/uploads\/2023\/02\/DAILY-A5-katalog-online.pdf\" target=\"_blank\" rel=\"noreferrer noopener\"><img decoding=\"async\" width=\"250\" height=\"333\" class=\"wp-image-1771 lazyload\" style=\"--smush-placeholder-width: 250px; --smush-placeholder-aspect-ratio: 250\/333;width: 250px;\" data-src=\"https:\/\/turquoisehoreca.com\/wp-content\/uploads\/2023\/02\/DAILY-A5-450-600.jpg\" alt=\"\" data-srcset=\"https:\/\/turquoisehoreca.com\/wp-content\/uploads\/2023\/02\/DAILY-A5-450-600.jpg 450w, https:\/\/turquoisehoreca.com\/wp-content\/uploads\/2023\/02\/DAILY-A5-450-600-225x300.jpg 225w, https:\/\/turquoisehoreca.com\/wp-content\/uploads\/2023\/02\/DAILY-A5-450-600-9x12.jpg 9w\" data-sizes=\"(max-width: 250px) 100vw, 250px\" src=\"data:image\/svg+xml;base64,PHN2ZyB3aWR0aD0iMSIgaGVpZ2h0PSIxIiB4bWxucz0iaHR0cDovL3d3dy53My5vcmcvMjAwMC9zdmciPjwvc3ZnPg==\" \/><\/a><\/div>\n<\/div>\n<\/div>\n<\/div>\n\n\n\n<div class=\"wp-block-column is-vertically-aligned-center is-layout-flow wp-block-column-is-layout-flow\">\n<div class=\"wp-block-file hvr-float-shadow\"><a id=\"wp-block-file--media-743033b0-7247-4f67-9eb3-bcb179a1542d\" href=\"https:\/\/turquoisehoreca.com\/wp-content\/uploads\/2023\/02\/DESIGN-A5-katalog-online.pdf\" target=\"_blank\" rel=\"noreferrer noopener\"><img decoding=\"async\" width=\"250\" height=\"333\" class=\"wp-image-1773 lazyload\" style=\"--smush-placeholder-width: 250px; --smush-placeholder-aspect-ratio: 250\/333;width: 250px;\" data-src=\"https:\/\/turquoisehoreca.com\/wp-content\/uploads\/2023\/02\/DESIGN-A5-450-600.jpg\" alt=\"\" data-srcset=\"https:\/\/turquoisehoreca.com\/wp-content\/uploads\/2023\/02\/DESIGN-A5-450-600.jpg 450w, https:\/\/turquoisehoreca.com\/wp-content\/uploads\/2023\/02\/DESIGN-A5-450-600-225x300.jpg 225w, https:\/\/turquoisehoreca.com\/wp-content\/uploads\/2023\/02\/DESIGN-A5-450-600-9x12.jpg 9w\" data-sizes=\"(max-width: 250px) 100vw, 250px\" src=\"data:image\/svg+xml;base64,PHN2ZyB3aWR0aD0iMSIgaGVpZ2h0PSIxIiB4bWxucz0iaHR0cDovL3d3dy53My5vcmcvMjAwMC9zdmciPjwvc3ZnPg==\" \/><\/a><\/div>\n<\/div>\n\n\n\n<div class=\"wp-block-column is-vertically-aligned-center is-layout-flow wp-block-column-is-layout-flow\">\n<div class=\"wp-block-file hvr-float-shadow\"><a id=\"wp-block-file--media-2c1cac6d-0cff-41d8-8ba8-e02a92772652\" href=\"https:\/\/turquoisehoreca.com\/wp-content\/uploads\/2023\/02\/RAW-A5-katalog-online.pdf\" target=\"_blank\" rel=\"noreferrer noopener\"><img decoding=\"async\" width=\"250\" height=\"333\" class=\"wp-image-1775 lazyload\" style=\"--smush-placeholder-width: 250px; --smush-placeholder-aspect-ratio: 250\/333;width: 250px;\" data-src=\"https:\/\/turquoisehoreca.com\/wp-content\/uploads\/2023\/02\/RAW-A5-450-600.jpg\" alt=\"\" data-srcset=\"https:\/\/turquoisehoreca.com\/wp-content\/uploads\/2023\/02\/RAW-A5-450-600.jpg 450w, https:\/\/turquoisehoreca.com\/wp-content\/uploads\/2023\/02\/RAW-A5-450-600-225x300.jpg 225w, https:\/\/turquoisehoreca.com\/wp-content\/uploads\/2023\/02\/RAW-A5-450-600-9x12.jpg 9w\" data-sizes=\"(max-width: 250px) 100vw, 250px\" src=\"data:image\/svg+xml;base64,PHN2ZyB3aWR0aD0iMSIgaGVpZ2h0PSIxIiB4bWxucz0iaHR0cDovL3d3dy53My5vcmcvMjAwMC9zdmciPjwvc3ZnPg==\" \/><\/a><\/div>\n<\/div>\n\n\n\n<div class=\"wp-block-column is-layout-flow wp-block-column-is-layout-flow\">\n<div class=\"wp-block-file hvr-float-shadow\"><a id=\"wp-block-file--media-f780e146-03e6-47f6-b9bd-1efee389591c\" href=\"https:\/\/turquoisehoreca.com\/wp-content\/uploads\/2023\/02\/SOHOLM-A5-katalog-online.pdf\" target=\"_blank\" rel=\"noreferrer noopener\"><img decoding=\"async\" width=\"250\" height=\"333\" class=\"wp-image-1778 lazyload\" style=\"--smush-placeholder-width: 250px; --smush-placeholder-aspect-ratio: 250\/333;width: 250px;\" data-src=\"https:\/\/turquoisehoreca.com\/wp-content\/uploads\/2023\/02\/SOHOLM-450-600.jpg\" alt=\"\" data-srcset=\"https:\/\/turquoisehoreca.com\/wp-content\/uploads\/2023\/02\/SOHOLM-450-600.jpg 450w, https:\/\/turquoisehoreca.com\/wp-content\/uploads\/2023\/02\/SOHOLM-450-600-225x300.jpg 225w, https:\/\/turquoisehoreca.com\/wp-content\/uploads\/2023\/02\/SOHOLM-450-600-9x12.jpg 9w\" data-sizes=\"(max-width: 250px) 100vw, 250px\" src=\"data:image\/svg+xml;base64,PHN2ZyB3aWR0aD0iMSIgaGVpZ2h0PSIxIiB4bWxucz0iaHR0cDovL3d3dy53My5vcmcvMjAwMC9zdmciPjwvc3ZnPg==\" \/><\/a><\/div>\n<\/div>\n<\/div>","protected":false},"excerpt":{"rendered":"<p>aida aida is an experienced design house creating stoneware, chinaware, glasses, cutlery and kitchenware for the modern table and home. The company was founded more than 60 years ago and has over the years created many popular dinner sets and designs, for instance Poul Pava and Denmark&#8217;s most sold dinner set, Atelier, which was launched [&hellip;]<\/p>\n","protected":false},"author":2,"featured_media":0,"parent":73,"menu_order":0,"comment_status":"closed","ping_status":"closed","template":"","meta":{"site-sidebar-layout":"default","site-content-layout":"","ast-site-content-layout":"default","site-content-style":"default","site-sidebar-style":"default","ast-global-header-display":"","ast-banner-title-visibility":"","ast-main-header-display":"","ast-hfb-above-header-display":"","ast-hfb-below-header-display":"","ast-hfb-mobile-header-display":"","site-post-title":"","ast-breadcrumbs-content":"","ast-featured-img":"","footer-sml-layout":"","ast-disable-related-posts":"","theme-transparent-header-meta":"","adv-header-id-meta":"","stick-header-meta":"","header-above-stick-meta":"","header-main-stick-meta":"","header-below-stick-meta":"","astra-migrate-meta-layouts":"default","ast-page-background-enabled":"default","ast-page-background-meta":{"desktop":{"background-color":"var(--ast-global-color-4)","background-image":"","background-repeat":"repeat","background-position":"center center","background-size":"auto","background-attachment":"scroll","background-type":"","background-media":"","overlay-type":"","overlay-color":"","overlay-opacity":"","overlay-gradient":""},"tablet":{"background-color":"","background-image":"","background-repeat":"repeat","background-position":"center center","background-size":"auto","background-attachment":"scroll","background-type":"","background-media":"","overlay-type":"","overlay-color":"","overlay-opacity":"","overlay-gradient":""},"mobile":{"background-color":"","background-image":"","background-repeat":"repeat","background-position":"center center","background-size":"auto","background-attachment":"scroll","background-type":"","background-media":"","overlay-type":"","overlay-color":"","overlay-opacity":"","overlay-gradient":""}},"ast-content-background-meta":{"desktop":{"background-color":"var(--ast-global-color-5)","background-image":"","background-repeat":"repeat","background-position":"center center","background-size":"auto","background-attachment":"scroll","background-type":"","background-media":"","overlay-type":"","overlay-color":"","overlay-opacity":"","overlay-gradient":""},"tablet":{"background-color":"var(--ast-global-color-5)","background-image":"","background-repeat":"repeat","background-position":"center center","background-size":"auto","background-attachment":"scroll","background-type":"","background-media":"","overlay-type":"","overlay-color":"","overlay-opacity":"","overlay-gradient":""},"mobile":{"background-color":"var(--ast-global-color-5)","background-image":"","background-repeat":"repeat","background-position":"center center","background-size":"auto","background-attachment":"scroll","background-type":"","background-media":"","overlay-type":"","overlay-color":"","overlay-opacity":"","overlay-gradient":""}},"footnotes":""},"class_list":["post-1014","page","type-page","status-publish","hentry"],"yoast_head":"<!-- This site is optimized with the Yoast SEO plugin v27.4 - https:\/\/yoast.com\/product\/yoast-seo-wordpress\/ -->\n<title>aida | Turquoise Horeca<\/title>\n<meta name=\"description\" content=\"aida is an experienced design house creating stoneware, chinaware, glasses, cutlery and kitchenware for the modern table and home.The company was founded more than 60 years ago and has over the years created many popular dinner sets and designs, for instance Poul Pava and Denmark\u2019s most sold dinner set, Atelier, which was launched in 1984 and still is on the market. aida follows the trends of the times without compromising the company\u2019s own values such as quality, good craftsmanship, functionality and value for money.\" \/>\n<meta name=\"robots\" content=\"index, follow, max-snippet:-1, max-image-preview:large, max-video-preview:-1\" \/>\n<link rel=\"canonical\" href=\"https:\/\/turquoisehoreca.com\/tr\/brands\/aida\/\" \/>\n<meta property=\"og:locale\" content=\"tr_TR\" \/>\n<meta property=\"og:type\" content=\"article\" \/>\n<meta property=\"og:title\" content=\"aida | Turquoise Horeca\" \/>\n<meta property=\"og:description\" content=\"aida is an experienced design house creating stoneware, chinaware, glasses, cutlery and kitchenware for the modern table and home.The company was founded more than 60 years ago and has over the years created many popular dinner sets and designs, for instance Poul Pava and Denmark\u2019s most sold dinner set, Atelier, which was launched in 1984 and still is on the market. aida follows the trends of the times without compromising the company\u2019s own values such as quality, good craftsmanship, functionality and value for money.\" \/>\n<meta property=\"og:url\" content=\"https:\/\/turquoisehoreca.com\/tr\/brands\/aida\/\" \/>\n<meta property=\"article:modified_time\" content=\"2023-02-21T12:13:11+00:00\" \/>\n<meta property=\"og:image\" content=\"https:\/\/turquoisehoreca.com\/wp-content\/uploads\/2022\/06\/282624861_2259935037505461_3202775727057754286_n.jpg\" \/>\n<meta name=\"twitter:card\" content=\"summary_large_image\" \/>\n<meta name=\"twitter:label1\" content=\"Tahmini okuma s\u00fcresi\" \/>\n\t<meta name=\"twitter:data1\" content=\"2 dakika\" \/>\n<script type=\"application\/ld+json\" class=\"yoast-schema-graph\">{\"@context\":\"https:\\\/\\\/schema.org\",\"@graph\":[{\"@type\":\"WebPage\",\"@id\":\"https:\\\/\\\/turquoisehoreca.com\\\/brands\\\/aida\\\/\",\"url\":\"https:\\\/\\\/turquoisehoreca.com\\\/brands\\\/aida\\\/\",\"name\":\"aida | Turquoise Horeca\",\"isPartOf\":{\"@id\":\"https:\\\/\\\/turquoisehoreca.com\\\/#website\"},\"primaryImageOfPage\":{\"@id\":\"https:\\\/\\\/turquoisehoreca.com\\\/brands\\\/aida\\\/#primaryimage\"},\"image\":{\"@id\":\"https:\\\/\\\/turquoisehoreca.com\\\/brands\\\/aida\\\/#primaryimage\"},\"thumbnailUrl\":\"https:\\\/\\\/turquoisehoreca.com\\\/wp-content\\\/uploads\\\/2022\\\/06\\\/282624861_2259935037505461_3202775727057754286_n.jpg\",\"datePublished\":\"2022-06-24T11:29:13+00:00\",\"dateModified\":\"2023-02-21T12:13:11+00:00\",\"description\":\"aida is an experienced design house creating stoneware, chinaware, glasses, cutlery and kitchenware for the modern table and home.The company was founded more than 60 years ago and has over the years created many popular dinner sets and designs, for instance Poul Pava and Denmark\u2019s most sold dinner set, Atelier, which was launched in 1984 and still is on the market. aida follows the trends of the times without compromising the company\u2019s own values such as quality, good craftsmanship, functionality and value for money.\",\"breadcrumb\":{\"@id\":\"https:\\\/\\\/turquoisehoreca.com\\\/brands\\\/aida\\\/#breadcrumb\"},\"inLanguage\":\"tr\",\"potentialAction\":[{\"@type\":\"ReadAction\",\"target\":[\"https:\\\/\\\/turquoisehoreca.com\\\/brands\\\/aida\\\/\"]}]},{\"@type\":\"ImageObject\",\"inLanguage\":\"tr\",\"@id\":\"https:\\\/\\\/turquoisehoreca.com\\\/brands\\\/aida\\\/#primaryimage\",\"url\":\"https:\\\/\\\/turquoisehoreca.com\\\/wp-content\\\/uploads\\\/2022\\\/06\\\/282624861_2259935037505461_3202775727057754286_n.jpg\",\"contentUrl\":\"https:\\\/\\\/turquoisehoreca.com\\\/wp-content\\\/uploads\\\/2022\\\/06\\\/282624861_2259935037505461_3202775727057754286_n.jpg\"},{\"@type\":\"BreadcrumbList\",\"@id\":\"https:\\\/\\\/turquoisehoreca.com\\\/brands\\\/aida\\\/#breadcrumb\",\"itemListElement\":[{\"@type\":\"ListItem\",\"position\":1,\"name\":\"Home\",\"item\":\"https:\\\/\\\/turquoisehoreca.com\\\/\"},{\"@type\":\"ListItem\",\"position\":2,\"name\":\"Brands\",\"item\":\"https:\\\/\\\/turquoisehoreca.com\\\/brands\\\/\"},{\"@type\":\"ListItem\",\"position\":3,\"name\":\"aida\"}]},{\"@type\":\"WebSite\",\"@id\":\"https:\\\/\\\/turquoisehoreca.com\\\/#website\",\"url\":\"https:\\\/\\\/turquoisehoreca.com\\\/\",\"name\":\"\",\"description\":\"\",\"publisher\":{\"@id\":\"https:\\\/\\\/turquoisehoreca.com\\\/#organization\"},\"potentialAction\":[{\"@type\":\"SearchAction\",\"target\":{\"@type\":\"EntryPoint\",\"urlTemplate\":\"https:\\\/\\\/turquoisehoreca.com\\\/?s={search_term_string}\"},\"query-input\":{\"@type\":\"PropertyValueSpecification\",\"valueRequired\":true,\"valueName\":\"search_term_string\"}}],\"inLanguage\":\"tr\"},{\"@type\":\"Organization\",\"@id\":\"https:\\\/\\\/turquoisehoreca.com\\\/#organization\",\"name\":\"Turquoise Horeca\",\"alternateName\":\"Turquoise istanbul\",\"url\":\"https:\\\/\\\/turquoisehoreca.com\\\/\",\"logo\":{\"@type\":\"ImageObject\",\"inLanguage\":\"tr\",\"@id\":\"https:\\\/\\\/turquoisehoreca.com\\\/#\\\/schema\\\/logo\\\/image\\\/\",\"url\":\"https:\\\/\\\/turquoisehoreca.com\\\/wp-content\\\/uploads\\\/2022\\\/05\\\/cropped-Black-and-White-Modern-Elegant-Brand-Logo-1.png\",\"contentUrl\":\"https:\\\/\\\/turquoisehoreca.com\\\/wp-content\\\/uploads\\\/2022\\\/05\\\/cropped-Black-and-White-Modern-Elegant-Brand-Logo-1.png\",\"width\":499,\"height\":124,\"caption\":\"Turquoise Horeca\"},\"image\":{\"@id\":\"https:\\\/\\\/turquoisehoreca.com\\\/#\\\/schema\\\/logo\\\/image\\\/\"},\"sameAs\":[\"https:\\\/\\\/www.instagram.com\\\/turquoisehoreca\\\/\"]}]}<\/script>\n<!-- \/ Yoast SEO plugin. -->","yoast_head_json":{"title":"aida | Turquoise Horeca","description":"aida is an experienced design house creating stoneware, chinaware, glasses, cutlery and kitchenware for the modern table and home.The company was founded more than 60 years ago and has over the years created many popular dinner sets and designs, for instance Poul Pava and Denmark\u2019s most sold dinner set, Atelier, which was launched in 1984 and still is on the market. aida follows the trends of the times without compromising the company\u2019s own values such as quality, good craftsmanship, functionality and value for money.","robots":{"index":"index","follow":"follow","max-snippet":"max-snippet:-1","max-image-preview":"max-image-preview:large","max-video-preview":"max-video-preview:-1"},"canonical":"https:\/\/turquoisehoreca.com\/tr\/brands\/aida\/","og_locale":"tr_TR","og_type":"article","og_title":"aida | Turquoise Horeca","og_description":"aida is an experienced design house creating stoneware, chinaware, glasses, cutlery and kitchenware for the modern table and home.The company was founded more than 60 years ago and has over the years created many popular dinner sets and designs, for instance Poul Pava and Denmark\u2019s most sold dinner set, Atelier, which was launched in 1984 and still is on the market. aida follows the trends of the times without compromising the company\u2019s own values such as quality, good craftsmanship, functionality and value for money.","og_url":"https:\/\/turquoisehoreca.com\/tr\/brands\/aida\/","article_modified_time":"2023-02-21T12:13:11+00:00","og_image":[{"url":"https:\/\/turquoisehoreca.com\/wp-content\/uploads\/2022\/06\/282624861_2259935037505461_3202775727057754286_n.jpg","type":"","width":"","height":""}],"twitter_card":"summary_large_image","twitter_misc":{"Tahmini okuma s\u00fcresi":"2 dakika"},"schema":{"@context":"https:\/\/schema.org","@graph":[{"@type":"WebPage","@id":"https:\/\/turquoisehoreca.com\/brands\/aida\/","url":"https:\/\/turquoisehoreca.com\/brands\/aida\/","name":"aida | Turquoise Horeca","isPartOf":{"@id":"https:\/\/turquoisehoreca.com\/#website"},"primaryImageOfPage":{"@id":"https:\/\/turquoisehoreca.com\/brands\/aida\/#primaryimage"},"image":{"@id":"https:\/\/turquoisehoreca.com\/brands\/aida\/#primaryimage"},"thumbnailUrl":"https:\/\/turquoisehoreca.com\/wp-content\/uploads\/2022\/06\/282624861_2259935037505461_3202775727057754286_n.jpg","datePublished":"2022-06-24T11:29:13+00:00","dateModified":"2023-02-21T12:13:11+00:00","description":"aida is an experienced design house creating stoneware, chinaware, glasses, cutlery and kitchenware for the modern table and home.The company was founded more than 60 years ago and has over the years created many popular dinner sets and designs, for instance Poul Pava and Denmark\u2019s most sold dinner set, Atelier, which was launched in 1984 and still is on the market. aida follows the trends of the times without compromising the company\u2019s own values such as quality, good craftsmanship, functionality and value for money.","breadcrumb":{"@id":"https:\/\/turquoisehoreca.com\/brands\/aida\/#breadcrumb"},"inLanguage":"tr","potentialAction":[{"@type":"ReadAction","target":["https:\/\/turquoisehoreca.com\/brands\/aida\/"]}]},{"@type":"ImageObject","inLanguage":"tr","@id":"https:\/\/turquoisehoreca.com\/brands\/aida\/#primaryimage","url":"https:\/\/turquoisehoreca.com\/wp-content\/uploads\/2022\/06\/282624861_2259935037505461_3202775727057754286_n.jpg","contentUrl":"https:\/\/turquoisehoreca.com\/wp-content\/uploads\/2022\/06\/282624861_2259935037505461_3202775727057754286_n.jpg"},{"@type":"BreadcrumbList","@id":"https:\/\/turquoisehoreca.com\/brands\/aida\/#breadcrumb","itemListElement":[{"@type":"ListItem","position":1,"name":"Home","item":"https:\/\/turquoisehoreca.com\/"},{"@type":"ListItem","position":2,"name":"Brands","item":"https:\/\/turquoisehoreca.com\/brands\/"},{"@type":"ListItem","position":3,"name":"aida"}]},{"@type":"WebSite","@id":"https:\/\/turquoisehoreca.com\/#website","url":"https:\/\/turquoisehoreca.com\/","name":"","description":"","publisher":{"@id":"https:\/\/turquoisehoreca.com\/#organization"},"potentialAction":[{"@type":"SearchAction","target":{"@type":"EntryPoint","urlTemplate":"https:\/\/turquoisehoreca.com\/?s={search_term_string}"},"query-input":{"@type":"PropertyValueSpecification","valueRequired":true,"valueName":"search_term_string"}}],"inLanguage":"tr"},{"@type":"Organization","@id":"https:\/\/turquoisehoreca.com\/#organization","name":"Turquoise Horeca","alternateName":"Turquoise istanbul","url":"https:\/\/turquoisehoreca.com\/","logo":{"@type":"ImageObject","inLanguage":"tr","@id":"https:\/\/turquoisehoreca.com\/#\/schema\/logo\/image\/","url":"https:\/\/turquoisehoreca.com\/wp-content\/uploads\/2022\/05\/cropped-Black-and-White-Modern-Elegant-Brand-Logo-1.png","contentUrl":"https:\/\/turquoisehoreca.com\/wp-content\/uploads\/2022\/05\/cropped-Black-and-White-Modern-Elegant-Brand-Logo-1.png","width":499,"height":124,"caption":"Turquoise Horeca"},"image":{"@id":"https:\/\/turquoisehoreca.com\/#\/schema\/logo\/image\/"},"sameAs":["https:\/\/www.instagram.com\/turquoisehoreca\/"]}]}},"_links":{"self":[{"href":"https:\/\/turquoisehoreca.com\/tr\/wp-json\/wp\/v2\/pages\/1014","targetHints":{"allow":["GET"]}}],"collection":[{"href":"https:\/\/turquoisehoreca.com\/tr\/wp-json\/wp\/v2\/pages"}],"about":[{"href":"https:\/\/turquoisehoreca.com\/tr\/wp-json\/wp\/v2\/types\/page"}],"author":[{"embeddable":true,"href":"https:\/\/turquoisehoreca.com\/tr\/wp-json\/wp\/v2\/users\/2"}],"replies":[{"embeddable":true,"href":"https:\/\/turquoisehoreca.com\/tr\/wp-json\/wp\/v2\/comments?post=1014"}],"version-history":[{"count":0,"href":"https:\/\/turquoisehoreca.com\/tr\/wp-json\/wp\/v2\/pages\/1014\/revisions"}],"up":[{"embeddable":true,"href":"https:\/\/turquoisehoreca.com\/tr\/wp-json\/wp\/v2\/pages\/73"}],"wp:attachment":[{"href":"https:\/\/turquoisehoreca.com\/tr\/wp-json\/wp\/v2\/media?parent=1014"}],"curies":[{"name":"wp","href":"https:\/\/api.w.org\/{rel}","templated":true}]}}